{"id":236883,"date":"2023-09-01T09:30:15","date_gmt":"2023-09-01T07:30:15","guid":{"rendered":"https:\/\/www.decogeco.be\/?page_id=236883"},"modified":"2024-02-15T10:06:59","modified_gmt":"2024-02-15T09:06:59","slug":"services","status":"publish","type":"page","link":"https:\/\/www.decogeco.com\/fr\/services\/","title":{"rendered":"Services"},"content":{"rendered":"<p>[et_pb_section fb_built=&#8221;1&#8243; custom_padding_last_edited=&#8221;on|desktop&#8221; _builder_version=&#8221;4.23&#8243; _module_preset=&#8221;default&#8221; background_color=&#8221;#FFFFFF&#8221; use_background_color_gradient=&#8221;on&#8221; background_color_gradient_stops=&#8221;#ffffff 0%|rgba(255,255,255,0.83) 30%|rgba(255,255,255,0.83) 67%|#ffffff 100%&#8221; background_color_gradient_overlays_image=&#8221;on&#8221; background_image=&#8221;https:\/\/www.decogeco.be\/wp-content\/uploads\/2023\/10\/HP-TOP.webp&#8221; background_enable_video_mp4=&#8221;off&#8221; min_height=&#8221;780px&#8221; min_height_tablet=&#8221;547px&#8221; min_height_phone=&#8221;675px&#8221; min_height_last_edited=&#8221;on|tablet&#8221; custom_margin=&#8221;||0px|||&#8221; custom_margin_last_edited=&#8221;off|phone&#8221; custom_padding_tablet=&#8221;0px||||false|false&#8221; custom_padding_phone=&#8221;0px||||false|false&#8221; global_colors_info=&#8221;{}&#8221;][et_pb_row column_structure=&#8221;1_2,1_2&#8243; use_custom_gutter=&#8221;on&#8221; gutter_width=&#8221;4&#8243; make_equal=&#8221;on&#8221; custom_padding_last_edited=&#8221;on|tablet&#8221; _builder_version=&#8221;4.22.1&#8243; _module_preset=&#8221;default&#8221; max_width=&#8221;100%&#8221; custom_padding=&#8221;10%||5%||false|false&#8221; custom_padding_tablet=&#8221;138px||||false|false&#8221; custom_padding_phone=&#8221;120px||||false|false&#8221; custom_css_main_element=&#8221;align-items: center;&#8221; global_colors_info=&#8221;{}&#8221;][et_pb_column type=&#8221;1_2&#8243; _builder_version=&#8221;4.16&#8243; _module_preset=&#8221;default&#8221; global_colors_info=&#8221;{}&#8221;][et_pb_text _builder_version=&#8221;4.22.1&#8243; _module_preset=&#8221;3de3f50b-fd6e-4925-b74a-7b3d0e0d0b99&#8243; global_colors_info=&#8221;{}&#8221;]<\/p>\n<h2>- NOS SERVICES -<\/h2>\n<p>[\/et_pb_text][dsm_animated_gradient_text animated_gradient_text=&#8221;WHAT WE PROVIDE&#8221; _builder_version=&#8221;4.24.0&#8243; _module_preset=&#8221;2fdb0218-31f1-448f-89b8-df05df2ae3da&#8221; header_font=&#8221;LEQUIRE ROUNDED|800||on|||||&#8221; header_font_size=&#8221;58px&#8221; hover_enabled=&#8221;0&#8243; global_colors_info=&#8221;{}&#8221; sticky_enabled=&#8221;0&#8243;][\/dsm_animated_gradient_text][et_pb_text _builder_version=&#8221;4.22.1&#8243; _module_preset=&#8221;c00f38e6-0288-48d1-ad16-18bb1ee8748b&#8221; text_font=&#8221;Poppins||||||||&#8221; text_text_color=&#8221;#140F72&#8243; text_font_size=&#8221;17px&#8221; text_orientation=&#8221;left&#8221; text_font_size_tablet=&#8221;17px&#8221; text_font_size_phone=&#8221;12px&#8221; text_font_size_last_edited=&#8221;on|desktop&#8221; global_colors_info=&#8221;{}&#8221;]<\/p>\n<p class=\"translation-block\">L'\u00e9quipe de DEC-OGECO est motiv\u00e9e par le d\u00e9sir de satisfaire les demandes les plus exigeantes de ses clients et se concentre particuli\u00e8rement sur les projets dans les secteurs du GPL, du p\u00e9trole et du gaz et de l'\u00e9nergie.<\/p>\n<p>[\/et_pb_text][\/et_pb_column][et_pb_column type=&#8221;1_2&#8243; _builder_version=&#8221;4.16&#8243; _module_preset=&#8221;default&#8221; custom_css_main_element=&#8221;margin: auto&#8221; global_colors_info=&#8221;{}&#8221;][et_pb_video src=&#8221;https:\/\/www.decogeco.be\/wp-content\/uploads\/2023\/09\/08-Infographic_3d.mp4&#8243; play_icon_color=&#8221;#34D87F&#8221; font_icon=&#8221;&#x49;||divi||400&#8243; use_icon_font_size=&#8221;on&#8221; _builder_version=&#8221;4.23&#8243; _module_preset=&#8221;default&#8221; border_radii=&#8221;on|15px|15px|15px|15px&#8221; box_shadow_style=&#8221;preset1&#8243; global_colors_info=&#8221;{}&#8221;][\/et_pb_video][\/et_pb_column][\/et_pb_row][\/et_pb_section][et_pb_section fb_built=&#8221;1&#8243; admin_label=&#8221;Section&#8221; _builder_version=&#8221;4.22.1&#8243; _module_preset=&#8221;default&#8221; background_color=&#8221;#19DBFF&#8221; global_colors_info=&#8221;{}&#8221;][et_pb_row column_structure=&#8221;1_4,1_4,1_2&#8243; make_equal=&#8221;on&#8221; _builder_version=&#8221;4.22.1&#8243; _module_preset=&#8221;default&#8221; max_width=&#8221;100%&#8221; custom_css_main_element=&#8221;align-items: center;&#8221; global_colors_info=&#8221;{}&#8221;][et_pb_column type=&#8221;1_4&#8243; _builder_version=&#8221;4.16&#8243; _module_preset=&#8221;default&#8221; global_colors_info=&#8221;{}&#8221;][et_pb_image src=&#8221;https:\/\/www.decogeco.be\/wp-content\/uploads\/2023\/08\/Engineering-W.png&#8221; title_text=&#8221;Engineering W&#8221; align=&#8221;center&#8221; _builder_version=&#8221;4.22.1&#8243; _module_preset=&#8221;default&#8221; width=&#8221;60%&#8221; global_colors_info=&#8221;{}&#8221;][\/et_pb_image][et_pb_text _builder_version=&#8221;4.24.0&#8243; _module_preset=&#8221;0b6f7065-2efe-4eec-b689-104db6b4fb02&#8243; header_text_color=&#8221;#FFFFFF&#8221; header_2_font=&#8221;LEQUIRE ROUNDED|700||on|||||&#8221; header_2_text_align=&#8221;center&#8221; header_2_text_color=&#8221;#FFFFFF&#8221; header_2_font_size=&#8221;33px&#8221; text_orientation=&#8221;center&#8221; global_colors_info=&#8221;{}&#8221;]<\/p>\n<h2>ING\u00c9NIERIE<\/h2>\n<p>[\/et_pb_text][\/et_pb_column][et_pb_column type=&#8221;1_4&#8243; _builder_version=&#8221;4.16&#8243; _module_preset=&#8221;default&#8221; global_colors_info=&#8221;{}&#8221;][et_pb_text _builder_version=&#8221;4.22.1&#8243; _module_preset=&#8221;fde01750-aab6-445b-b40a-d1add645bc14&#8243; text_text_color=&#8221;#FFFFFF&#8221; text_font_size=&#8221;18px&#8221; global_colors_info=&#8221;{}&#8221;]<\/p>\n<ul>\n<li>G\u00e9nie civile et structures m\u00e9talliques<\/li>\n<li>R\u00e9servoirs de stockage<\/li>\n<li>\u00c9tudes de processus et HAZOP<\/li>\n<li>R\u00e9seaux m\u00e9caniques et de tuyauterie<\/li>\n<li>\u00c9lectricit\u00e9 et automatisation<\/li>\n<\/ul>\n<p>[\/et_pb_text][\/et_pb_column][et_pb_column type=&#8221;1_2&#8243; _builder_version=&#8221;4.16&#8243; _module_preset=&#8221;default&#8221; global_colors_info=&#8221;{}&#8221;][et_pb_video src=&#8221;https:\/\/www.decogeco.be\/wp-content\/uploads\/2023\/09\/DecOgeco-Engineering.mp4&#8243; _builder_version=&#8221;4.22.1&#8243; _module_preset=&#8221;default&#8221; border_radii=&#8221;on|15px|15px|15px|15px&#8221; box_shadow_style=&#8221;preset1&#8243; global_colors_info=&#8221;{}&#8221;][\/et_pb_video][\/et_pb_column][\/et_pb_row][\/et_pb_section][et_pb_section fb_built=&#8221;1&#8243; admin_label=&#8221;Section&#8221; _builder_version=&#8221;4.22.1&#8243; _module_preset=&#8221;default&#8221; background_color=&#8221;#140F72&#8243; global_colors_info=&#8221;{}&#8221;][et_pb_row column_structure=&#8221;1_2,1_4,1_4&#8243; make_equal=&#8221;on&#8221; _builder_version=&#8221;4.22.1&#8243; _module_preset=&#8221;default&#8221; max_width=&#8221;100%&#8221; custom_css_main_element=&#8221;align-items: center;&#8221; global_colors_info=&#8221;{}&#8221;][et_pb_column type=&#8221;1_2&#8243; _builder_version=&#8221;4.16&#8243; _module_preset=&#8221;default&#8221; global_colors_info=&#8221;{}&#8221;][et_pb_video src=&#8221;https:\/\/www.decogeco.be\/wp-content\/uploads\/2023\/09\/DecOgeco-Consultancy.mp4&#8243; _builder_version=&#8221;4.22.1&#8243; _module_preset=&#8221;default&#8221; border_radii=&#8221;on|15px|15px|15px|15px&#8221; box_shadow_style=&#8221;preset1&#8243; global_colors_info=&#8221;{}&#8221;][\/et_pb_video][\/et_pb_column][et_pb_column type=&#8221;1_4&#8243; _builder_version=&#8221;4.16&#8243; _module_preset=&#8221;default&#8221; global_colors_info=&#8221;{}&#8221;][et_pb_text _builder_version=&#8221;4.22.1&#8243; _module_preset=&#8221;fde01750-aab6-445b-b40a-d1add645bc14&#8243; text_text_color=&#8221;#FFFFFF&#8221; text_font_size=&#8221;18px&#8221; global_colors_info=&#8221;{}&#8221;]<\/p>\n<ul>\n<li>Analyse technique et financi\u00e8re<\/li>\n<li>\u00c9tudes de faisabilit\u00e9 et de march\u00e9<\/li>\n<li>Optimisation des installations<\/li>\n<li>S\u00e9lection des sites et enqu\u00eates<\/li>\n<li>Services de maintenance<\/li>\n<\/ul>\n<p>[\/et_pb_text][\/et_pb_column][et_pb_column type=&#8221;1_4&#8243; _builder_version=&#8221;4.16&#8243; _module_preset=&#8221;default&#8221; global_colors_info=&#8221;{}&#8221;][et_pb_image src=&#8221;https:\/\/www.decogeco.be\/wp-content\/uploads\/2023\/08\/Consultancy-W.png&#8221; title_text=&#8221;Consultancy W&#8221; align=&#8221;center&#8221; _builder_version=&#8221;4.22.1&#8243; _module_preset=&#8221;default&#8221; width=&#8221;60%&#8221; global_colors_info=&#8221;{}&#8221;][\/et_pb_image][et_pb_text _builder_version=&#8221;4.24.0&#8243; _module_preset=&#8221;0b6f7065-2efe-4eec-b689-104db6b4fb02&#8243; header_text_color=&#8221;#FFFFFF&#8221; header_2_font=&#8221;LEQUIRE ROUNDED|700||on|||||&#8221; header_2_text_align=&#8221;center&#8221; header_2_text_color=&#8221;#FFFFFF&#8221; header_2_font_size=&#8221;33px&#8221; text_orientation=&#8221;center&#8221; global_colors_info=&#8221;{}&#8221;]<\/p>\n<h2>CONSEIL<\/h2>\n<p>[\/et_pb_text][\/et_pb_column][\/et_pb_row][\/et_pb_section][et_pb_section fb_built=&#8221;1&#8243; admin_label=&#8221;Section&#8221; _builder_version=&#8221;4.22.1&#8243; _module_preset=&#8221;default&#8221; background_color=&#8221;#FF3867&#8243; global_colors_info=&#8221;{}&#8221;][et_pb_row column_structure=&#8221;1_4,1_4,1_2&#8243; make_equal=&#8221;on&#8221; _builder_version=&#8221;4.22.1&#8243; _module_preset=&#8221;default&#8221; max_width=&#8221;100%&#8221; custom_css_main_element=&#8221;align-items: center;&#8221; global_colors_info=&#8221;{}&#8221;][et_pb_column type=&#8221;1_4&#8243; _builder_version=&#8221;4.16&#8243; _module_preset=&#8221;default&#8221; global_colors_info=&#8221;{}&#8221;][et_pb_image src=&#8221;https:\/\/www.decogeco.be\/wp-content\/uploads\/2023\/08\/Procurement-W.png&#8221; title_text=&#8221;Procurement W&#8221; align=&#8221;center&#8221; _builder_version=&#8221;4.22.1&#8243; _module_preset=&#8221;default&#8221; width=&#8221;60%&#8221; global_colors_info=&#8221;{}&#8221;][\/et_pb_image][et_pb_text _builder_version=&#8221;4.24.0&#8243; _module_preset=&#8221;0b6f7065-2efe-4eec-b689-104db6b4fb02&#8243; header_text_color=&#8221;#FFFFFF&#8221; header_2_font=&#8221;LEQUIRE ROUNDED|700||on|||||&#8221; header_2_text_align=&#8221;center&#8221; header_2_text_color=&#8221;#FFFFFF&#8221; header_2_font_size=&#8221;33px&#8221; text_orientation=&#8221;center&#8221; global_colors_info=&#8221;{}&#8221;]<\/p>\n<h2>LOGISTIQUE<\/h2>\n<p>[\/et_pb_text][\/et_pb_column][et_pb_column type=&#8221;1_4&#8243; _builder_version=&#8221;4.16&#8243; _module_preset=&#8221;default&#8221; global_colors_info=&#8221;{}&#8221;][et_pb_text _builder_version=&#8221;4.22.1&#8243; _module_preset=&#8221;fde01750-aab6-445b-b40a-d1add645bc14&#8243; text_text_color=&#8221;#FFFFFF&#8221; text_font_size=&#8221;18px&#8221; global_colors_info=&#8221;{}&#8221;]<\/p>\n<ul>\n<li>\n<p>Planification des achats<\/p>\n<\/li>\n<li>\n<p>Gestion des livraisons<\/p>\n<\/li>\n<li>\n<p>Services de pi\u00e8ces d\u00e9tach\u00e9es<\/p>\n<\/li>\n<li>\n<p>FAT<\/p>\n<\/li>\n<li>\n<p>Emballage et exp\u00e9dition<\/p>\n<\/li>\n<\/ul>\n<p>[\/et_pb_text][\/et_pb_column][et_pb_column type=&#8221;1_2&#8243; _builder_version=&#8221;4.16&#8243; _module_preset=&#8221;default&#8221; global_colors_info=&#8221;{}&#8221;][et_pb_video src=&#8221;https:\/\/www.decogeco.be\/wp-content\/uploads\/2023\/09\/DecOgeco-Procurement.mp4&#8243; _builder_version=&#8221;4.22.1&#8243; _module_preset=&#8221;default&#8221; border_radii=&#8221;on|15px|15px|15px|15px&#8221; box_shadow_style=&#8221;preset1&#8243; global_colors_info=&#8221;{}&#8221;][\/et_pb_video][\/et_pb_column][\/et_pb_row][\/et_pb_section][et_pb_section fb_built=&#8221;1&#8243; admin_label=&#8221;Section&#8221; _builder_version=&#8221;4.22.1&#8243; _module_preset=&#8221;default&#8221; background_color=&#8221;#FF6D00&#8243; global_colors_info=&#8221;{}&#8221;][et_pb_row column_structure=&#8221;1_2,1_4,1_4&#8243; make_equal=&#8221;on&#8221; _builder_version=&#8221;4.22.1&#8243; _module_preset=&#8221;default&#8221; max_width=&#8221;100%&#8221; custom_css_main_element=&#8221;align-items: center;&#8221; global_colors_info=&#8221;{}&#8221;][et_pb_column type=&#8221;1_2&#8243; _builder_version=&#8221;4.16&#8243; _module_preset=&#8221;default&#8221; global_colors_info=&#8221;{}&#8221;][et_pb_video src=&#8221;https:\/\/www.decogeco.be\/wp-content\/uploads\/2023\/09\/DecOgeco-ProjectManagement.mp4&#8243; _builder_version=&#8221;4.22.1&#8243; _module_preset=&#8221;default&#8221; border_radii=&#8221;on|15px|15px|15px|15px&#8221; box_shadow_style=&#8221;preset1&#8243; global_colors_info=&#8221;{}&#8221;][\/et_pb_video][\/et_pb_column][et_pb_column type=&#8221;1_4&#8243; _builder_version=&#8221;4.16&#8243; _module_preset=&#8221;default&#8221; global_colors_info=&#8221;{}&#8221;][et_pb_text _builder_version=&#8221;4.24.0&#8243; _module_preset=&#8221;fde01750-aab6-445b-b40a-d1add645bc14&#8243; text_text_color=&#8221;#FFFFFF&#8221; text_font_size=&#8221;18px&#8221; global_colors_info=&#8221;{}&#8221;]<\/p>\n<ul>\n<li>Coordination<\/li>\n<li>Suivit de planning<\/li>\n<li>Gestion contractuels<\/li>\n<li>Contr\u00f4le qualit\u00e9<\/li>\n<li>Suivi &amp; contr\u00f4le des co\u00fbts<\/li>\n<\/ul>\n<p>[\/et_pb_text][\/et_pb_column][et_pb_column type=&#8221;1_4&#8243; _builder_version=&#8221;4.16&#8243; _module_preset=&#8221;default&#8221; global_colors_info=&#8221;{}&#8221;][et_pb_image src=&#8221;https:\/\/www.decogeco.be\/wp-content\/uploads\/2023\/08\/Project-W.png&#8221; title_text=&#8221;Project W&#8221; align=&#8221;center&#8221; _builder_version=&#8221;4.22.1&#8243; _module_preset=&#8221;default&#8221; width=&#8221;60%&#8221; global_colors_info=&#8221;{}&#8221;][\/et_pb_image][et_pb_text _builder_version=&#8221;4.24.0&#8243; _module_preset=&#8221;0b6f7065-2efe-4eec-b689-104db6b4fb02&#8243; header_text_color=&#8221;#FFFFFF&#8221; header_2_font=&#8221;LEQUIRE ROUNDED|700||on|||||&#8221; header_2_text_align=&#8221;center&#8221; header_2_text_color=&#8221;#FFFFFF&#8221; header_2_font_size=&#8221;33px&#8221; text_orientation=&#8221;center&#8221; global_colors_info=&#8221;{}&#8221;]<\/p>\n<h2>GESTION DE PROJET<\/h2>\n<p>[\/et_pb_text][\/et_pb_column][\/et_pb_row][\/et_pb_section][et_pb_section fb_built=&#8221;1&#8243; admin_label=&#8221;Section&#8221; _builder_version=&#8221;4.22.1&#8243; _module_preset=&#8221;default&#8221; background_color=&#8221;#FFE000&#8243; global_colors_info=&#8221;{}&#8221;][et_pb_row column_structure=&#8221;1_4,1_4,1_2&#8243; make_equal=&#8221;on&#8221; _builder_version=&#8221;4.22.1&#8243; _module_preset=&#8221;default&#8221; max_width=&#8221;100%&#8221; custom_css_main_element=&#8221;align-items: center;&#8221; global_colors_info=&#8221;{}&#8221;][et_pb_column type=&#8221;1_4&#8243; _builder_version=&#8221;4.16&#8243; _module_preset=&#8221;default&#8221; global_colors_info=&#8221;{}&#8221;][et_pb_image src=&#8221;https:\/\/www.decogeco.be\/wp-content\/uploads\/2023\/08\/Construction-W.png&#8221; title_text=&#8221;Construction W&#8221; align=&#8221;center&#8221; _builder_version=&#8221;4.22.1&#8243; _module_preset=&#8221;default&#8221; width=&#8221;60%&#8221; global_colors_info=&#8221;{}&#8221;][\/et_pb_image][et_pb_text _builder_version=&#8221;4.24.0&#8243; _module_preset=&#8221;0b6f7065-2efe-4eec-b689-104db6b4fb02&#8243; header_text_color=&#8221;#FFFFFF&#8221; header_2_font=&#8221;LEQUIRE ROUNDED|700||on|||||&#8221; header_2_text_align=&#8221;center&#8221; header_2_text_color=&#8221;#FFFFFF&#8221; header_2_font_size=&#8221;33px&#8221; text_orientation=&#8221;center&#8221; hover_enabled=&#8221;0&#8243; global_colors_info=&#8221;{}&#8221; sticky_enabled=&#8221;0&#8243;]<\/p>\n<h2>CONSTRUCTION<\/h2>\n<p>[\/et_pb_text][\/et_pb_column][et_pb_column type=&#8221;1_4&#8243; _builder_version=&#8221;4.16&#8243; _module_preset=&#8221;default&#8221; global_colors_info=&#8221;{}&#8221;][et_pb_text _builder_version=&#8221;4.22.1&#8243; _module_preset=&#8221;fde01750-aab6-445b-b40a-d1add645bc14&#8243; text_text_color=&#8221;#FFFFFF&#8221; text_font_size=&#8221;18px&#8221; global_colors_info=&#8221;{}&#8221;]<\/p>\n<ul>\n<li>\n<p>Travaux de g\u00e9nie civil et de structure<\/p>\n<\/li>\n<li>\n<p>Travaux m\u00e9caniques<\/p>\n<\/li>\n<li>\n<p>Travaux \u00e9lectriques<\/p>\n<\/li>\n<li>\n<p>HSE<\/p>\n<\/li>\n<li>\n<p>SAT et mise en service<\/p>\n<\/li>\n<\/ul>\n<p>[\/et_pb_text][\/et_pb_column][et_pb_column type=&#8221;1_2&#8243; _builder_version=&#8221;4.16&#8243; _module_preset=&#8221;default&#8221; global_colors_info=&#8221;{}&#8221;][et_pb_video src=&#8221;https:\/\/www.decogeco.be\/wp-content\/uploads\/2023\/09\/DecOgeco-Construction.mp4&#8243; _builder_version=&#8221;4.22.1&#8243; _module_preset=&#8221;default&#8221; border_radii=&#8221;on|15px|15px|15px|15px&#8221; box_shadow_style=&#8221;preset1&#8243; global_colors_info=&#8221;{}&#8221;][\/et_pb_video][\/et_pb_column][\/et_pb_row][\/et_pb_section]<\/p>","protected":false},"excerpt":{"rendered":"<p>- NOS SERVICES -<div class=\"et_pb_module dsm_animated_gradient_text dsm_animated_gradient_text_0\">\n\t\t\t\t\n\t\t\t\t\n\t\t\t\t\n\t\t\t\t\n\t\t\t\t\n\t\t\t\t\n\t\t\t\t<div class=\"et_pb_module_inner\">\n\t\t\t\t\t<h2 class=\"dsm-animated-gradient-text et_pb_module_header\">CE QUE NOUS OFFRONS<\/h2>\n\t\t\t\t<\/div>\n\t\t\t<\/div>DEC-OGECO\u00a0team is motivated by the desire to satisfy the most exigent demands of its customers and is particularly focused on projects in the\u00a0LPG,\u00a0Oil &amp; Gas\u00a0and\u00a0Energy\u00a0sectors.ENGINEERING Civil &amp; Steel structure Storage tanks Process &amp; HAZOP studies Mechanical &amp; piping networks Electrical &amp; automation Due diligence Feasibility &amp; market studies Plants optimisation Site selection &amp; surveys Maintenance services CONSULTANCYPROCUREMENT Procurement planification Delivery management Spare part services FAT Packaging &amp; shipment Contract review Contract management QA\/QC Quantity surveys Cost control PROJECT MANAGEMENTCONSTRUCTION Civil &amp; structural works Mechanical works Electrical works HSE SAT &amp; commissioning<\/p>","protected":false},"author":1,"featured_media":0,"parent":0,"menu_order":0,"comment_status":"closed","ping_status":"closed","template":"","meta":{"_et_pb_use_builder":"on","_et_pb_old_content":"","_et_gb_content_width":"","footnotes":""},"class_list":["post-236883","page","type-page","status-publish","hentry"],"yoast_head":"<!-- This site is optimized with the Yoast SEO plugin v26.7 - https:\/\/yoast.com\/wordpress\/plugins\/seo\/ -->\n<title>Services - DEC OGECO<\/title>\n<meta name=\"robots\" content=\"index, follow, max-snippet:-1, max-image-preview:large, max-video-preview:-1\" \/>\n<link rel=\"canonical\" href=\"https:\/\/www.decogeco.com\/fr\/services\/\" \/>\n<meta property=\"og:locale\" content=\"fr_FR\" \/>\n<meta property=\"og:type\" content=\"article\" \/>\n<meta property=\"og:title\" content=\"Services - DEC OGECO\" \/>\n<meta property=\"og:description\" content=\"- OUR SERVICES -DEC-OGECO\u00a0team is motivated by the desire to satisfy the most exigent demands of its customers and is particularly focused on projects in the\u00a0LPG,\u00a0Oil &amp; Gas\u00a0and\u00a0Energy\u00a0sectors.ENGINEERING Civil &amp; Steel structure Storage tanks Process &amp; HAZOP studies Mechanical &amp; piping networks Electrical &amp; automation Due diligence Feasibility &amp; market studies Plants optimisation Site selection &amp; surveys Maintenance services CONSULTANCYPROCUREMENT Procurement planification Delivery management Spare part services FAT Packaging &amp; shipment Contract review Contract management QA\/QC Quantity surveys Cost control PROJECT MANAGEMENTCONSTRUCTION Civil &amp; structural works Mechanical works Electrical works HSE SAT &amp; commissioning\" \/>\n<meta property=\"og:url\" content=\"https:\/\/www.decogeco.com\/fr\/services\/\" \/>\n<meta property=\"og:site_name\" content=\"DEC OGECO\" \/>\n<meta property=\"article:modified_time\" content=\"2024-02-15T09:06:59+00:00\" \/>\n<meta name=\"twitter:card\" content=\"summary_large_image\" \/>\n<meta name=\"twitter:label1\" content=\"Dur\u00e9e de lecture estim\u00e9e\" \/>\n\t<meta name=\"twitter:data1\" content=\"8 minutes\" \/>\n<script type=\"application\/ld+json\" class=\"yoast-schema-graph\">{\"@context\":\"https:\/\/schema.org\",\"@graph\":[{\"@type\":\"WebPage\",\"@id\":\"https:\/\/www.decogeco.com\/services\/\",\"url\":\"https:\/\/www.decogeco.com\/services\/\",\"name\":\"Services - DEC OGECO\",\"isPartOf\":{\"@id\":\"https:\/\/www.decogeco.be\/#website\"},\"datePublished\":\"2023-09-01T07:30:15+00:00\",\"dateModified\":\"2024-02-15T09:06:59+00:00\",\"breadcrumb\":{\"@id\":\"https:\/\/www.decogeco.com\/services\/#breadcrumb\"},\"inLanguage\":\"fr-FR\",\"potentialAction\":[{\"@type\":\"ReadAction\",\"target\":[\"https:\/\/www.decogeco.com\/services\/\"]}]},{\"@type\":\"BreadcrumbList\",\"@id\":\"https:\/\/www.decogeco.com\/services\/#breadcrumb\",\"itemListElement\":[{\"@type\":\"ListItem\",\"position\":1,\"name\":\"Home\",\"item\":\"https:\/\/www.decogeco.com\/\"},{\"@type\":\"ListItem\",\"position\":2,\"name\":\"Services\"}]},{\"@type\":\"WebSite\",\"@id\":\"https:\/\/www.decogeco.be\/#website\",\"url\":\"https:\/\/www.decogeco.be\/\",\"name\":\"DEC OGECO\",\"description\":\"The right partner for your projects !\",\"potentialAction\":[{\"@type\":\"SearchAction\",\"target\":{\"@type\":\"EntryPoint\",\"urlTemplate\":\"https:\/\/www.decogeco.be\/?s={search_term_string}\"},\"query-input\":{\"@type\":\"PropertyValueSpecification\",\"valueRequired\":true,\"valueName\":\"search_term_string\"}}],\"inLanguage\":\"fr-FR\"}]}<\/script>\n<!-- \/ Yoast SEO plugin. -->","yoast_head_json":{"title":"Services - DEC OGECO","robots":{"index":"index","follow":"follow","max-snippet":"max-snippet:-1","max-image-preview":"max-image-preview:large","max-video-preview":"max-video-preview:-1"},"canonical":"https:\/\/www.decogeco.com\/fr\/services\/","og_locale":"fr_FR","og_type":"article","og_title":"Services - DEC OGECO","og_description":"- OUR SERVICES -DEC-OGECO\u00a0team is motivated by the desire to satisfy the most exigent demands of its customers and is particularly focused on projects in the\u00a0LPG,\u00a0Oil &amp; Gas\u00a0and\u00a0Energy\u00a0sectors.ENGINEERING Civil &amp; Steel structure Storage tanks Process &amp; HAZOP studies Mechanical &amp; piping networks Electrical &amp; automation Due diligence Feasibility &amp; market studies Plants optimisation Site selection &amp; surveys Maintenance services CONSULTANCYPROCUREMENT Procurement planification Delivery management Spare part services FAT Packaging &amp; shipment Contract review Contract management QA\/QC Quantity surveys Cost control PROJECT MANAGEMENTCONSTRUCTION Civil &amp; structural works Mechanical works Electrical works HSE SAT &amp; commissioning","og_url":"https:\/\/www.decogeco.com\/fr\/services\/","og_site_name":"DEC OGECO","article_modified_time":"2024-02-15T09:06:59+00:00","twitter_card":"summary_large_image","twitter_misc":{"Dur\u00e9e de lecture estim\u00e9e":"8 minutes"},"schema":{"@context":"https:\/\/schema.org","@graph":[{"@type":"WebPage","@id":"https:\/\/www.decogeco.com\/services\/","url":"https:\/\/www.decogeco.com\/services\/","name":"Services - DEC OGECO","isPartOf":{"@id":"https:\/\/www.decogeco.be\/#website"},"datePublished":"2023-09-01T07:30:15+00:00","dateModified":"2024-02-15T09:06:59+00:00","breadcrumb":{"@id":"https:\/\/www.decogeco.com\/services\/#breadcrumb"},"inLanguage":"fr-FR","potentialAction":[{"@type":"ReadAction","target":["https:\/\/www.decogeco.com\/services\/"]}]},{"@type":"BreadcrumbList","@id":"https:\/\/www.decogeco.com\/services\/#breadcrumb","itemListElement":[{"@type":"ListItem","position":1,"name":"Home","item":"https:\/\/www.decogeco.com\/"},{"@type":"ListItem","position":2,"name":"Services"}]},{"@type":"WebSite","@id":"https:\/\/www.decogeco.be\/#website","url":"https:\/\/www.decogeco.be\/","name":"DEC OGECO","description":"The right partner for your projects !","potentialAction":[{"@type":"SearchAction","target":{"@type":"EntryPoint","urlTemplate":"https:\/\/www.decogeco.be\/?s={search_term_string}"},"query-input":{"@type":"PropertyValueSpecification","valueRequired":true,"valueName":"search_term_string"}}],"inLanguage":"fr-FR"}]}},"_links":{"self":[{"href":"https:\/\/www.decogeco.com\/fr\/wp-json\/wp\/v2\/pages\/236883","targetHints":{"allow":["GET"]}}],"collection":[{"href":"https:\/\/www.decogeco.com\/fr\/wp-json\/wp\/v2\/pages"}],"about":[{"href":"https:\/\/www.decogeco.com\/fr\/wp-json\/wp\/v2\/types\/page"}],"author":[{"embeddable":true,"href":"https:\/\/www.decogeco.com\/fr\/wp-json\/wp\/v2\/users\/1"}],"replies":[{"embeddable":true,"href":"https:\/\/www.decogeco.com\/fr\/wp-json\/wp\/v2\/comments?post=236883"}],"version-history":[{"count":13,"href":"https:\/\/www.decogeco.com\/fr\/wp-json\/wp\/v2\/pages\/236883\/revisions"}],"predecessor-version":[{"id":237473,"href":"https:\/\/www.decogeco.com\/fr\/wp-json\/wp\/v2\/pages\/236883\/revisions\/237473"}],"wp:attachment":[{"href":"https:\/\/www.decogeco.com\/fr\/wp-json\/wp\/v2\/media?parent=236883"}],"curies":[{"name":"wp","href":"https:\/\/api.w.org\/{rel}","templated":true}]}}