{"id":237068,"date":"2023-10-18T10:30:01","date_gmt":"2023-10-18T08:30:01","guid":{"rendered":"https:\/\/www.decogeco.be\/?page_id=237068"},"modified":"2024-02-15T11:22:44","modified_gmt":"2024-02-15T10:22:44","slug":"eur-iscal","status":"publish","type":"page","link":"https:\/\/www.decogeco.com\/fr\/eur-iscal\/","title":{"rendered":"Iscal"},"content":{"rendered":"<p>[et_pb_section fb_built=&#8221;1&#8243; admin_label=&#8221;Header&#8221; _builder_version=&#8221;4.22.2&#8243; _module_preset=&#8221;default&#8221; background_color=&#8221;#FFFFFF&#8221; background_enable_image=&#8221;off&#8221; custom_padding=&#8221;||0px||false|false&#8221; box_shadow_style=&#8221;preset7&#8243; box_shadow_horizontal=&#8221;0px&#8221; box_shadow_vertical=&#8221;-15vw&#8221; box_shadow_color=&#8221;#140F72&#8243; box_shadow_vertical_tablet=&#8221;-15vw&#8221; box_shadow_vertical_phone=&#8221;-40vw&#8221; box_shadow_vertical_last_edited=&#8221;on|tablet&#8221; locked=&#8221;off&#8221; global_colors_info=&#8221;{}&#8221;][et_pb_row _builder_version=&#8221;4.22.2&#8243; _module_preset=&#8221;default&#8221; custom_margin=&#8221;75px||||false|false&#8221; custom_padding=&#8221;||0px||false|false&#8221; global_colors_info=&#8221;{}&#8221;][et_pb_column type=&#8221;4_4&#8243; _builder_version=&#8221;4.16&#8243; _module_preset=&#8221;default&#8221; global_colors_info=&#8221;{}&#8221;][et_pb_image src=&#8221;https:\/\/www.decogeco.be\/wp-content\/uploads\/2023\/10\/Top-Project-3.webp&#8221; title_text=&#8221;SQUARE IMG&#8221; show_in_lightbox=&#8221;on&#8221; src_tablet=&#8221;https:\/\/www.decogeco.be\/wp-content\/uploads\/2023\/10\/Top-Project-3.webp&#8221; src_phone=&#8221;https:\/\/www.decogeco.be\/wp-content\/uploads\/2023\/10\/SQUARE-IMG-2.webp&#8221; src_last_edited=&#8221;on|phone&#8221; _builder_version=&#8221;4.23&#8243; _module_preset=&#8221;default&#8221; border_radii=&#8221;on|15px|15px|15px|15px&#8221; box_shadow_style=&#8221;preset3&#8243; global_colors_info=&#8221;{}&#8221;][\/et_pb_image][\/et_pb_column][\/et_pb_row][\/et_pb_section][et_pb_section fb_built=&#8221;1&#8243; _builder_version=&#8221;4.22.2&#8243; _module_preset=&#8221;default&#8221; background_color=&#8221;#140F72&#8243; global_colors_info=&#8221;{}&#8221;][et_pb_row _builder_version=&#8221;4.22.2&#8243; _module_preset=&#8221;default&#8221; custom_margin=&#8221;||||false|false&#8221; custom_padding=&#8221;0px||0px||false|false&#8221; global_colors_info=&#8221;{}&#8221;][et_pb_column type=&#8221;4_4&#8243; _builder_version=&#8221;4.22.2&#8243; _module_preset=&#8221;default&#8221; global_colors_info=&#8221;{}&#8221;][dsm_animated_gradient_text animated_gradient_text=&#8221;Factory process survey with as-built drawings&#8221; gradient_one_color=&#8221;#34D87F&#8221; gradient_two_color=&#8221;#FFFFFF&#8221; gradient_three_color=&#8221;#34D87F&#8221; gradient_four_color=&#8221;#FFFFFF&#8221; _builder_version=&#8221;4.24.0&#8243; _module_preset=&#8221;2fdb0218-31f1-448f-89b8-df05df2ae3da&#8221; header_font=&#8221;LEQUIRE ROUNDED|800||on|||||&#8221; header_text_align=&#8221;center&#8221; header_font_size=&#8221;60px&#8221; custom_margin=&#8221;||||false|false&#8221; custom_padding=&#8221;40px||||false|false&#8221; custom_padding_tablet=&#8221;40px||||false|false&#8221; custom_padding_phone=&#8221;40px||||false|false&#8221; custom_padding_last_edited=&#8221;on|phone&#8221; hover_enabled=&#8221;0&#8243; global_colors_info=&#8221;{}&#8221; sticky_enabled=&#8221;0&#8243;][\/dsm_animated_gradient_text][\/et_pb_column][\/et_pb_row][\/et_pb_section][et_pb_section fb_built=&#8221;1&#8243; _builder_version=&#8221;4.22.2&#8243; _module_preset=&#8221;default&#8221; background_color=&#8221;#140F72&#8243; custom_padding=&#8221;0px||||false|false&#8221; global_colors_info=&#8221;{}&#8221;][et_pb_row make_equal=&#8221;on&#8221; _builder_version=&#8221;4.22.1&#8243; _module_preset=&#8221;default&#8221; max_width=&#8221;80%&#8221; custom_css_main_element=&#8221;align-items: center;&#8221; global_colors_info=&#8221;{}&#8221;][et_pb_column type=&#8221;4_4&#8243; _builder_version=&#8221;4.22.1&#8243; _module_preset=&#8221;default&#8221; global_colors_info=&#8221;{}&#8221;][et_pb_blurb title=&#8221;PROJECT DETAILS&#8221; icon_placement=&#8221;left&#8221; image_icon_width=&#8221;106px&#8221; content_max_width=&#8221;100%&#8221; _builder_version=&#8221;4.24.0&#8243; _module_preset=&#8221;default&#8221; header_font=&#8221;LEQUIRE ROUNDED|||on|||||&#8221; header_text_align=&#8221;center&#8221; header_text_color=&#8221;#140F72&#8243; header_font_size=&#8221;25px&#8221; body_text_align=&#8221;center&#8221; body_text_color=&#8221;#FFFFFF&#8221; body_font_size=&#8221;17px&#8221; body_line_height=&#8221;1.4em&#8221; body_ul_line_height=&#8221;1.4em&#8221; background_color=&#8221;#34D87F&#8221; custom_padding=&#8221;50px|20px|50px|0px|true|false&#8221; header_font_size_last_edited=&#8221;off|desktop&#8221; body_font_size_tablet=&#8221;15px&#8221; body_font_size_phone=&#8221;12px&#8221; body_font_size_last_edited=&#8221;on|desktop&#8221; border_radii=&#8221;on|15px|15px|15px|15px&#8221; border_color_left=&#8221;#140F72&#8243; box_shadow_style=&#8221;preset3&#8243; global_colors_info=&#8221;{}&#8221;]<\/p>\n<p>Nous avons proc\u00e9d\u00e9 \u00e0 un relev\u00e9 complet des r\u00e9seaux \u00ab process \u00bb sur site avec une compilation des donn\u00e9es et la production de nouveaux plans sch\u00e9matiques proc\u00e9d\u00e9s et instruments pour permettre au client d\u2019avoir une vue globale de son processus de production et de pouvoir l\u2019optimiser ult\u00e9rieurement.<\/p>\n<p>[\/et_pb_blurb][\/et_pb_column][\/et_pb_row][et_pb_row column_structure=&#8221;1_3,2_3&#8243; make_equal=&#8221;on&#8221; _builder_version=&#8221;4.22.1&#8243; _module_preset=&#8221;default&#8221; max_width=&#8221;80%&#8221; custom_css_main_element=&#8221;align-items: center;&#8221; global_colors_info=&#8221;{}&#8221;][et_pb_column type=&#8221;1_3&#8243; _builder_version=&#8221;4.22.1&#8243; _module_preset=&#8221;default&#8221; global_colors_info=&#8221;{}&#8221;][et_pb_blurb title=&#8221;GENERAL&#8221; icon_placement=&#8221;left&#8221; image_icon_width=&#8221;106px&#8221; content_max_width=&#8221;100%&#8221; _builder_version=&#8221;4.24.0&#8243; _module_preset=&#8221;default&#8221; header_font=&#8221;LEQUIRE ROUNDED|||on|||||&#8221; header_text_color=&#8221;#34D87F&#8221; header_font_size=&#8221;25px&#8221; body_text_color=&#8221;#140F72&#8243; body_font_size=&#8221;17px&#8221; body_line_height=&#8221;1.4em&#8221; body_ul_line_height=&#8221;1.4em&#8221; background_color=&#8221;#FFFFFF&#8221; custom_padding=&#8221;50px|20px|50px|20px|true|true&#8221; custom_padding_tablet=&#8221;30px||30px||true|true&#8221; custom_padding_phone=&#8221;20px||20px||true|true&#8221; custom_padding_last_edited=&#8221;on|phone&#8221; hover_enabled=&#8221;0&#8243; header_font_size_last_edited=&#8221;off|desktop&#8221; body_font_size_tablet=&#8221;15px&#8221; body_font_size_phone=&#8221;12px&#8221; body_font_size_last_edited=&#8221;on|desktop&#8221; border_radii=&#8221;on|15px|15px|15px|15px&#8221; border_color_left=&#8221;#140F72&#8243; box_shadow_style=&#8221;preset3&#8243; global_colors_info=&#8221;{}&#8221; sticky_enabled=&#8221;0&#8243;]<\/p>\n<ul>\n<li><span>Periode : 2021<\/span><\/li>\n<li><span>Localisation : Belgique<\/span><\/li>\n<li><span>Client : Iscal Sugar<\/span><\/li>\n<\/ul>\n<p>[\/et_pb_blurb][\/et_pb_column][et_pb_column type=&#8221;2_3&#8243; _builder_version=&#8221;4.22.1&#8243; _module_preset=&#8221;default&#8221; global_colors_info=&#8221;{}&#8221;][et_pb_blurb title=&#8221;SERVICES&#8221; icon_placement=&#8221;left&#8221; image_icon_width=&#8221;106px&#8221; content_max_width=&#8221;100%&#8221; _builder_version=&#8221;4.24.0&#8243; _module_preset=&#8221;default&#8221; header_font=&#8221;LEQUIRE ROUNDED|||on|||||&#8221; header_text_color=&#8221;#34D87F&#8221; header_font_size=&#8221;25px&#8221; body_text_color=&#8221;#140F72&#8243; body_font_size=&#8221;17px&#8221; body_line_height=&#8221;1.4em&#8221; body_ul_line_height=&#8221;1.4em&#8221; background_color=&#8221;#FFFFFF&#8221; custom_padding=&#8221;50px|20px|50px|20px|true|true&#8221; custom_padding_tablet=&#8221;30px||30px||true|true&#8221; custom_padding_phone=&#8221;20px||20px||true|true&#8221; custom_padding_last_edited=&#8221;on|phone&#8221; header_font_size_last_edited=&#8221;off|desktop&#8221; body_font_size_tablet=&#8221;15px&#8221; body_font_size_phone=&#8221;12px&#8221; body_font_size_last_edited=&#8221;on|desktop&#8221; border_radii=&#8221;on|15px|15px|15px|15px&#8221; border_color_left=&#8221;#140F72&#8243; box_shadow_style=&#8221;preset3&#8243; global_colors_info=&#8221;{}&#8221;]<\/p>\n<p>Nous avons propos\u00e9 un contrat de service pour les relev\u00e9s de site ex\u00e9cut\u00e9 sur place, le contr\u00f4le des documents existants chez le client, la compilation des donn\u00e9es et la production de nouveaux documents mis \u00e0 jour (en nos bureaux).<\/p>\n<p>[\/et_pb_blurb][et_pb_blurb title=&#8221;DESCRIPTION&#8221; icon_placement=&#8221;left&#8221; image_icon_width=&#8221;106px&#8221; content_max_width=&#8221;100%&#8221; _builder_version=&#8221;4.24.0&#8243; _module_preset=&#8221;default&#8221; header_font=&#8221;LEQUIRE ROUNDED|||on|||||&#8221; header_text_color=&#8221;#34D87F&#8221; header_font_size=&#8221;25px&#8221; body_text_color=&#8221;#140F72&#8243; body_font_size=&#8221;17px&#8221; body_line_height=&#8221;1.4em&#8221; body_ul_line_height=&#8221;1.4em&#8221; background_color=&#8221;#FFFFFF&#8221; custom_padding=&#8221;50px|20px|50px|20px|true|true&#8221; custom_padding_tablet=&#8221;30px||30px||true|true&#8221; custom_padding_phone=&#8221;20px||20px||true|true&#8221; custom_padding_last_edited=&#8221;on|phone&#8221; header_font_size_last_edited=&#8221;off|desktop&#8221; body_font_size_tablet=&#8221;15px&#8221; body_font_size_phone=&#8221;12px&#8221; body_font_size_last_edited=&#8221;on|desktop&#8221; border_radii=&#8221;on|15px|15px|15px|15px&#8221; border_color_left=&#8221;#140F72&#8243; box_shadow_style=&#8221;preset3&#8243; global_colors_info=&#8221;{}&#8221;]<\/p>\n<ul>\n<li><span>Relev\u00e9s de toute la tuyauterie zone par zone<\/span><\/li>\n<li><span>Analyse des plans de proc\u00e9d\u00e9s (P&amp;ID) existants en fonctions des relev\u00e9s<\/span><\/li>\n<li><span>\u00c9laboration de nCompilation des donn\u00e9es du siteouveau plans P&amp;ID tel que construit<\/span><\/li>\n<li><span>\u00c9laboration de nouveau plans P&amp;ID tel que construit <\/span><\/li>\n<li><span>\u00c9laboration de toutes les listes (vannes, instruments, lignes, \u00e9quipements etc.) <\/span><\/li>\n<\/ul>\n<p>[\/et_pb_blurb][\/et_pb_column][\/et_pb_row][\/et_pb_section][et_pb_section fb_built=&#8221;1&#8243; _builder_version=&#8221;4.22.2&#8243; _module_preset=&#8221;default&#8221; background_color=&#8221;#FFFFFF&#8221; global_colors_info=&#8221;{}&#8221;][et_pb_row make_equal=&#8221;on&#8221; _builder_version=&#8221;4.22.1&#8243; _module_preset=&#8221;default&#8221; max_width=&#8221;80%&#8221; custom_css_main_element=&#8221;align-items: center;&#8221; global_colors_info=&#8221;{}&#8221;][et_pb_column type=&#8221;4_4&#8243; _builder_version=&#8221;4.22.1&#8243; _module_preset=&#8221;default&#8221; global_colors_info=&#8221;{}&#8221;][dsm_masonry_gallery gallery_ids=&#8221;237129,237127,237126&#8243; dsm_sort_images_order=&#8221;rand&#8221; columns=&#8221;2&#8243; gutter=&#8221;20&#8243; use_lightbox=&#8221;on&#8221; use_zoom_on_hover=&#8221;on&#8221; columns_tablet=&#8221;2&#8243; columns_phone=&#8221;1&#8243; columns_last_edited=&#8221;on|tablet&#8221; _builder_version=&#8221;4.23&#8243; _module_preset=&#8221;default&#8221; border_radii_grid=&#8221;on|15px|15px|15px|15px&#8221; box_shadow_style_grid=&#8221;preset3&#8243; global_colors_info=&#8221;{}&#8221;][\/dsm_masonry_gallery][\/et_pb_column][\/et_pb_row][et_pb_row _builder_version=&#8221;4.22.2&#8243; _module_preset=&#8221;default&#8221; global_colors_info=&#8221;{}&#8221;][et_pb_column type=&#8221;4_4&#8243; _builder_version=&#8221;4.22.2&#8243; _module_preset=&#8221;default&#8221; global_colors_info=&#8221;{}&#8221;][et_pb_button button_url=&#8221;https:\/\/www.decogeco.com\/projects-3\/&#8221; button_text=&#8221;SEE ALL PROJECTS&#8221; button_alignment=&#8221;center&#8221; button_alignment_tablet=&#8221;center&#8221; button_alignment_phone=&#8221;&#8221; button_alignment_last_edited=&#8221;on|desktop&#8221; _builder_version=&#8221;4.24.0&#8243; _module_preset=&#8221;72a3e85b-60b6-4b79-a9f6-a2f1baf11694&#8243; button_text_color=&#8221;#140F72&#8243; button_bg_color=&#8221;#34D87F&#8221; custom_margin_tablet=&#8221;0px||||false|false&#8221; custom_margin_phone=&#8221;0px||||false|false&#8221; custom_margin_last_edited=&#8221;on|desktop&#8221; hover_enabled=&#8221;0&#8243; global_colors_info=&#8221;{}&#8221; button_text_color__hover=&#8221;#34D87F&#8221; button_bg_color__hover=&#8221;#140F72&#8243; button_bg_enable_color__hover=&#8221;on&#8221; sticky_enabled=&#8221;0&#8243;][\/et_pb_button][\/et_pb_column][\/et_pb_row][\/et_pb_section]<\/p>","protected":false},"excerpt":{"rendered":"<p><div class=\"et_pb_module dsm_animated_gradient_text dsm_animated_gradient_text_0\">\n\t\t\t\t\n\t\t\t\t\n\t\t\t\t\n\t\t\t\t\n\t\t\t\t\n\t\t\t\t\n\t\t\t\t<div class=\"et_pb_module_inner\">\n\t\t\t\t\t<h2 class=\"dsm-animated-gradient-text et_pb_module_header\">Relev\u00e9 d\u2019installations et production des plans process \u00ab tel que construit \u00bb<\/h2>\n\t\t\t\t<\/div>\n\t\t\t<\/div>We provide a complete process survey with data compilation and new process and instrument schematics in order to have accurate documentation allowing our client to have a process overview and to optimize the plant at a later stage. Period : 2021 Situation : Belgium Customer : Iscal Sugar We proposed service contract for site survey, exiting document checking (at client offices), data compilation and production of new up-to-date documents (at DEC-OGECO offices) Factory piping survey for all areas Existing process drawing check according to site survey Site data survey compilation New As-built process and instrument flow diagram Equipment list (valves, instruments, piping lines, equipment, etc.) <div class=\"et_pb_module dsm_masonry_gallery dsm_masonry_gallery_0\">\n\t\t\t\t\n\t\t\t\t\n\t\t\t\t\n\t\t\t\t\n\t\t\t\t\n\t\t\t\t\n\t\t\t\t<div class=\"et_pb_module_inner\">\n\t\t\t\t\t<div class=\"dsm-gallery grid dsm_masonry_zoom_hover\" data-lightbox=\"true\" data-horizontalorder=\"true\">\n                <div class=\"grid-sizer\"><\/div><div class=\"gutter-sizer\"><\/div><div class=\"grid-item\">\n                    <a href=\"https:\/\/www.decogeco.com\/wp-content\/uploads\/2023\/10\/2-ISCAL-Desing-2.webp\"  data-title='2 &#8211; ISCAL Desing 2'  data-caption='' data-mfp-src=\"https:\/\/www.decogeco.com\/wp-content\/uploads\/2023\/10\/2-ISCAL-Desing-2.webp\">\n                        <div class=\"et_pb_image_wrap\">\n                            <img loading=\"lazy\" decoding=\"async\" src=\"https:\/\/www.decogeco.com\/wp-content\/uploads\/2023\/10\/2-ISCAL-Desing-2.webp\" title=\"2 &#8211; ISCAL Desing 2\" alt=\"\" class=\"dsm-skip-lazyload\" srcset=\"https:\/\/www.decogeco.com\/wp-content\/uploads\/2023\/10\/2-ISCAL-Desing-2.webp 1235w, https:\/\/www.decogeco.com\/wp-content\/uploads\/2023\/10\/2-ISCAL-Desing-2-980x445.webp 980w, https:\/\/www.decogeco.com\/wp-content\/uploads\/2023\/10\/2-ISCAL-Desing-2-480x218.webp 480w\" sizes=\"(min-width: 0px) and (max-width: 480px) 480px, (min-width: 481px) and (max-width: 980px) 980px, (min-width: 981px) 1235px, 100vw\" width=\"1235\" height=\"561\" \/>\n                            \n                        <\/div>\n                    <\/a>\n                <\/div><div class=\"grid-item\">\n                    <a href=\"https:\/\/www.decogeco.com\/wp-content\/uploads\/2023\/10\/1-ISCAL-Desing-1.webp\"  data-title='1 &#8211; ISCAL Desing 1'  data-caption='' data-mfp-src=\"https:\/\/www.decogeco.com\/wp-content\/uploads\/2023\/10\/1-ISCAL-Desing-1.webp\">\n                        <div class=\"et_pb_image_wrap\">\n                            <img loading=\"lazy\" decoding=\"async\" src=\"https:\/\/www.decogeco.com\/wp-content\/uploads\/2023\/10\/1-ISCAL-Desing-1.webp\" title=\"1 &#8211; ISCAL Desing 1\" alt=\"\" class=\"dsm-skip-lazyload\" srcset=\"https:\/\/www.decogeco.com\/wp-content\/uploads\/2023\/10\/1-ISCAL-Desing-1.webp 1235w, https:\/\/www.decogeco.com\/wp-content\/uploads\/2023\/10\/1-ISCAL-Desing-1-980x446.webp 980w, https:\/\/www.decogeco.com\/wp-content\/uploads\/2023\/10\/1-ISCAL-Desing-1-480x218.webp 480w\" sizes=\"(min-width: 0px) and (max-width: 480px) 480px, (min-width: 481px) and (max-width: 980px) 980px, (min-width: 981px) 1235px, 100vw\" width=\"1235\" height=\"562\" \/>\n                            \n                        <\/div>\n                    <\/a>\n                <\/div><div class=\"grid-item\">\n                    <a href=\"https:\/\/www.decogeco.com\/wp-content\/uploads\/2023\/10\/Top-Project-3.webp\"  data-title='Top Project'  data-caption='' data-mfp-src=\"https:\/\/www.decogeco.com\/wp-content\/uploads\/2023\/10\/Top-Project-3.webp\">\n                        <div class=\"et_pb_image_wrap\">\n                            <img loading=\"lazy\" decoding=\"async\" src=\"https:\/\/www.decogeco.com\/wp-content\/uploads\/2023\/10\/Top-Project-3.webp\" title=\"Top Project\" alt=\"\" class=\"dsm-skip-lazyload\" srcset=\"https:\/\/www.decogeco.com\/wp-content\/uploads\/2023\/10\/Top-Project-3.webp 2400w, https:\/\/www.decogeco.com\/wp-content\/uploads\/2023\/10\/Top-Project-3-1280x640.webp 1280w, https:\/\/www.decogeco.com\/wp-content\/uploads\/2023\/10\/Top-Project-3-980x490.webp 980w, https:\/\/www.decogeco.com\/wp-content\/uploads\/2023\/10\/Top-Project-3-480x240.webp 480w\" sizes=\"(min-width: 0px) and (max-width: 480px) 480px, (min-width: 481px) and (max-width: 980px) 980px, (min-width: 981px) and (max-width: 1280px) 1280px, (min-width: 1281px) 2400px, 100vw\" width=\"2400\" height=\"1200\" \/>\n                            \n                        <\/div>\n                    <\/a>\n                <\/div>\n             <\/div>\n\t\t\t\t<\/div>\n\t\t\t<\/div><\/p>","protected":false},"author":1,"featured_media":0,"parent":0,"menu_order":0,"comment_status":"closed","ping_status":"closed","template":"","meta":{"_et_pb_use_builder":"on","_et_pb_old_content":"","_et_gb_content_width":"","footnotes":""},"class_list":["post-237068","page","type-page","status-publish","hentry"],"yoast_head":"<!-- This site is optimized with the Yoast SEO plugin v26.7 - https:\/\/yoast.com\/wordpress\/plugins\/seo\/ -->\n<title>Iscal - DEC OGECO<\/title>\n<meta name=\"robots\" content=\"index, follow, max-snippet:-1, max-image-preview:large, max-video-preview:-1\" \/>\n<link rel=\"canonical\" href=\"https:\/\/www.decogeco.com\/fr\/eur-iscal\/\" \/>\n<meta property=\"og:locale\" content=\"fr_FR\" \/>\n<meta property=\"og:type\" content=\"article\" \/>\n<meta property=\"og:title\" content=\"Iscal - DEC OGECO\" \/>\n<meta property=\"og:description\" content=\"We provide a complete process survey with data compilation and new process and instrument schematics in order to have accurate documentation allowing our client to have a process overview and to optimize the plant at a later stage. Period : 2021 Situation : Belgium Customer : Iscal Sugar We proposed service contract for site survey, exiting document checking (at client offices), data compilation and production of new up-to-date documents (at DEC-OGECO offices) Factory piping survey for all areas Existing process drawing check according to site survey Site data survey compilation New As-built process and instrument flow diagram Equipment list (valves, instruments, piping lines, equipment, etc.)\" \/>\n<meta property=\"og:url\" content=\"https:\/\/www.decogeco.com\/fr\/eur-iscal\/\" \/>\n<meta property=\"og:site_name\" content=\"DEC OGECO\" \/>\n<meta property=\"article:modified_time\" content=\"2024-02-15T10:22:44+00:00\" \/>\n<meta name=\"twitter:card\" content=\"summary_large_image\" \/>\n<meta name=\"twitter:label1\" content=\"Dur\u00e9e de lecture estim\u00e9e\" \/>\n\t<meta name=\"twitter:data1\" content=\"6 minutes\" \/>\n<script type=\"application\/ld+json\" class=\"yoast-schema-graph\">{\"@context\":\"https:\/\/schema.org\",\"@graph\":[{\"@type\":\"WebPage\",\"@id\":\"https:\/\/www.decogeco.com\/eur-iscal\/\",\"url\":\"https:\/\/www.decogeco.com\/eur-iscal\/\",\"name\":\"Iscal - DEC OGECO\",\"isPartOf\":{\"@id\":\"https:\/\/www.decogeco.be\/#website\"},\"datePublished\":\"2023-10-18T08:30:01+00:00\",\"dateModified\":\"2024-02-15T10:22:44+00:00\",\"breadcrumb\":{\"@id\":\"https:\/\/www.decogeco.com\/eur-iscal\/#breadcrumb\"},\"inLanguage\":\"fr-FR\",\"potentialAction\":[{\"@type\":\"ReadAction\",\"target\":[\"https:\/\/www.decogeco.com\/eur-iscal\/\"]}]},{\"@type\":\"BreadcrumbList\",\"@id\":\"https:\/\/www.decogeco.com\/eur-iscal\/#breadcrumb\",\"itemListElement\":[{\"@type\":\"ListItem\",\"position\":1,\"name\":\"Home\",\"item\":\"https:\/\/www.decogeco.com\/\"},{\"@type\":\"ListItem\",\"position\":2,\"name\":\"Iscal\"}]},{\"@type\":\"WebSite\",\"@id\":\"https:\/\/www.decogeco.be\/#website\",\"url\":\"https:\/\/www.decogeco.be\/\",\"name\":\"DEC OGECO\",\"description\":\"The right partner for your projects !\",\"potentialAction\":[{\"@type\":\"SearchAction\",\"target\":{\"@type\":\"EntryPoint\",\"urlTemplate\":\"https:\/\/www.decogeco.be\/?s={search_term_string}\"},\"query-input\":{\"@type\":\"PropertyValueSpecification\",\"valueRequired\":true,\"valueName\":\"search_term_string\"}}],\"inLanguage\":\"fr-FR\"}]}<\/script>\n<!-- \/ Yoast SEO plugin. -->","yoast_head_json":{"title":"Iscal - DEC OGECO","robots":{"index":"index","follow":"follow","max-snippet":"max-snippet:-1","max-image-preview":"max-image-preview:large","max-video-preview":"max-video-preview:-1"},"canonical":"https:\/\/www.decogeco.com\/fr\/eur-iscal\/","og_locale":"fr_FR","og_type":"article","og_title":"Iscal - DEC OGECO","og_description":"We provide a complete process survey with data compilation and new process and instrument schematics in order to have accurate documentation allowing our client to have a process overview and to optimize the plant at a later stage. Period : 2021 Situation : Belgium Customer : Iscal Sugar We proposed service contract for site survey, exiting document checking (at client offices), data compilation and production of new up-to-date documents (at DEC-OGECO offices) Factory piping survey for all areas Existing process drawing check according to site survey Site data survey compilation New As-built process and instrument flow diagram Equipment list (valves, instruments, piping lines, equipment, etc.)","og_url":"https:\/\/www.decogeco.com\/fr\/eur-iscal\/","og_site_name":"DEC OGECO","article_modified_time":"2024-02-15T10:22:44+00:00","twitter_card":"summary_large_image","twitter_misc":{"Dur\u00e9e de lecture estim\u00e9e":"6 minutes"},"schema":{"@context":"https:\/\/schema.org","@graph":[{"@type":"WebPage","@id":"https:\/\/www.decogeco.com\/eur-iscal\/","url":"https:\/\/www.decogeco.com\/eur-iscal\/","name":"Iscal - DEC OGECO","isPartOf":{"@id":"https:\/\/www.decogeco.be\/#website"},"datePublished":"2023-10-18T08:30:01+00:00","dateModified":"2024-02-15T10:22:44+00:00","breadcrumb":{"@id":"https:\/\/www.decogeco.com\/eur-iscal\/#breadcrumb"},"inLanguage":"fr-FR","potentialAction":[{"@type":"ReadAction","target":["https:\/\/www.decogeco.com\/eur-iscal\/"]}]},{"@type":"BreadcrumbList","@id":"https:\/\/www.decogeco.com\/eur-iscal\/#breadcrumb","itemListElement":[{"@type":"ListItem","position":1,"name":"Home","item":"https:\/\/www.decogeco.com\/"},{"@type":"ListItem","position":2,"name":"Iscal"}]},{"@type":"WebSite","@id":"https:\/\/www.decogeco.be\/#website","url":"https:\/\/www.decogeco.be\/","name":"DEC OGECO","description":"The right partner for your projects !","potentialAction":[{"@type":"SearchAction","target":{"@type":"EntryPoint","urlTemplate":"https:\/\/www.decogeco.be\/?s={search_term_string}"},"query-input":{"@type":"PropertyValueSpecification","valueRequired":true,"valueName":"search_term_string"}}],"inLanguage":"fr-FR"}]}},"_links":{"self":[{"href":"https:\/\/www.decogeco.com\/fr\/wp-json\/wp\/v2\/pages\/237068","targetHints":{"allow":["GET"]}}],"collection":[{"href":"https:\/\/www.decogeco.com\/fr\/wp-json\/wp\/v2\/pages"}],"about":[{"href":"https:\/\/www.decogeco.com\/fr\/wp-json\/wp\/v2\/types\/page"}],"author":[{"embeddable":true,"href":"https:\/\/www.decogeco.com\/fr\/wp-json\/wp\/v2\/users\/1"}],"replies":[{"embeddable":true,"href":"https:\/\/www.decogeco.com\/fr\/wp-json\/wp\/v2\/comments?post=237068"}],"version-history":[{"count":12,"href":"https:\/\/www.decogeco.com\/fr\/wp-json\/wp\/v2\/pages\/237068\/revisions"}],"predecessor-version":[{"id":237497,"href":"https:\/\/www.decogeco.com\/fr\/wp-json\/wp\/v2\/pages\/237068\/revisions\/237497"}],"wp:attachment":[{"href":"https:\/\/www.decogeco.com\/fr\/wp-json\/wp\/v2\/media?parent=237068"}],"curies":[{"name":"wp","href":"https:\/\/api.w.org\/{rel}","templated":true}]}}