{"id":237110,"date":"2023-10-23T09:22:02","date_gmt":"2023-10-23T07:22:02","guid":{"rendered":"https:\/\/www.decogeco.be\/?page_id=237110"},"modified":"2024-02-15T11:23:19","modified_gmt":"2024-02-15T10:23:19","slug":"eur-factory-integration","status":"publish","type":"page","link":"https:\/\/www.decogeco.com\/fr\/eur-factory-integration\/","title":{"rendered":"Factory Integration"},"content":{"rendered":"<p>[et_pb_section fb_built=&#8221;1&#8243; admin_label=&#8221;Header&#8221; _builder_version=&#8221;4.22.2&#8243; _module_preset=&#8221;default&#8221; background_color=&#8221;#FFFFFF&#8221; background_enable_image=&#8221;off&#8221; custom_padding=&#8221;||0px||false|false&#8221; box_shadow_style=&#8221;preset7&#8243; box_shadow_horizontal=&#8221;0px&#8221; box_shadow_vertical=&#8221;-15vw&#8221; box_shadow_color=&#8221;#140F72&#8243; box_shadow_vertical_tablet=&#8221;-15vw&#8221; box_shadow_vertical_phone=&#8221;-40vw&#8221; box_shadow_vertical_last_edited=&#8221;on|tablet&#8221; locked=&#8221;off&#8221; global_colors_info=&#8221;{}&#8221;][et_pb_row _builder_version=&#8221;4.22.2&#8243; _module_preset=&#8221;default&#8221; custom_margin=&#8221;75px||||false|false&#8221; custom_padding=&#8221;||0px||false|false&#8221; global_colors_info=&#8221;{}&#8221;][et_pb_column type=&#8221;4_4&#8243; _builder_version=&#8221;4.16&#8243; _module_preset=&#8221;default&#8221; global_colors_info=&#8221;{}&#8221;][et_pb_image src=&#8221;https:\/\/www.decogeco.be\/wp-content\/uploads\/2023\/10\/Top-Project-6.webp&#8221; title_text=&#8221;SQUARE IMG&#8221; show_in_lightbox=&#8221;on&#8221; src_tablet=&#8221;https:\/\/www.decogeco.be\/wp-content\/uploads\/2023\/10\/Top-Project-6.webp&#8221; src_phone=&#8221;https:\/\/www.decogeco.be\/wp-content\/uploads\/2023\/10\/SQUARE-IMG-5.webp&#8221; src_last_edited=&#8221;on|phone&#8221; _builder_version=&#8221;4.23&#8243; _module_preset=&#8221;default&#8221; border_radii=&#8221;on|15px|15px|15px|15px&#8221; box_shadow_style=&#8221;preset3&#8243; global_colors_info=&#8221;{}&#8221;][\/et_pb_image][\/et_pb_column][\/et_pb_row][\/et_pb_section][et_pb_section fb_built=&#8221;1&#8243; _builder_version=&#8221;4.22.2&#8243; _module_preset=&#8221;default&#8221; background_color=&#8221;#140F72&#8243; global_colors_info=&#8221;{}&#8221;][et_pb_row _builder_version=&#8221;4.22.2&#8243; _module_preset=&#8221;default&#8221; custom_margin=&#8221;||||false|false&#8221; custom_padding=&#8221;0px||0px||false|false&#8221; global_colors_info=&#8221;{}&#8221;][et_pb_column type=&#8221;4_4&#8243; _builder_version=&#8221;4.22.2&#8243; _module_preset=&#8221;default&#8221; global_colors_info=&#8221;{}&#8221;][dsm_animated_gradient_text animated_gradient_text=&#8221;Factory Integration and design survey&#8221; gradient_one_color=&#8221;#34D87F&#8221; gradient_two_color=&#8221;#FFFFFF&#8221; gradient_three_color=&#8221;#34D87F&#8221; gradient_four_color=&#8221;#FFFFFF&#8221; _builder_version=&#8221;4.24.0&#8243; _module_preset=&#8221;2fdb0218-31f1-448f-89b8-df05df2ae3da&#8221; header_font=&#8221;LEQUIRE ROUNDED|800||on|||||&#8221; header_text_align=&#8221;center&#8221; header_font_size=&#8221;60px&#8221; custom_margin=&#8221;||||false|false&#8221; custom_padding=&#8221;40px||||false|false&#8221; custom_padding_tablet=&#8221;40px||||false|false&#8221; custom_padding_phone=&#8221;40px||||false|false&#8221; custom_padding_last_edited=&#8221;on|phone&#8221; hover_enabled=&#8221;0&#8243; global_colors_info=&#8221;{}&#8221; sticky_enabled=&#8221;0&#8243;][\/dsm_animated_gradient_text][\/et_pb_column][\/et_pb_row][\/et_pb_section][et_pb_section fb_built=&#8221;1&#8243; _builder_version=&#8221;4.22.2&#8243; _module_preset=&#8221;default&#8221; background_color=&#8221;#140F72&#8243; custom_padding=&#8221;0px||||false|false&#8221; global_colors_info=&#8221;{}&#8221;][et_pb_row make_equal=&#8221;on&#8221; _builder_version=&#8221;4.22.1&#8243; _module_preset=&#8221;default&#8221; max_width=&#8221;80%&#8221; custom_css_main_element=&#8221;align-items: center;&#8221; global_colors_info=&#8221;{}&#8221;][et_pb_column type=&#8221;4_4&#8243; _builder_version=&#8221;4.22.1&#8243; _module_preset=&#8221;default&#8221; global_colors_info=&#8221;{}&#8221;][et_pb_blurb title=&#8221;PROJECT DETAILS&#8221; icon_placement=&#8221;left&#8221; image_icon_width=&#8221;106px&#8221; content_max_width=&#8221;100%&#8221; _builder_version=&#8221;4.24.0&#8243; _module_preset=&#8221;default&#8221; header_font=&#8221;LEQUIRE ROUNDED|||on|||||&#8221; header_text_align=&#8221;center&#8221; header_text_color=&#8221;#140F72&#8243; header_font_size=&#8221;25px&#8221; body_text_align=&#8221;center&#8221; body_text_color=&#8221;#FFFFFF&#8221; body_font_size=&#8221;17px&#8221; body_line_height=&#8221;1.4em&#8221; body_ul_line_height=&#8221;1.4em&#8221; background_color=&#8221;#34D87F&#8221; custom_padding=&#8221;50px|20px|50px|0px|true|false&#8221; header_font_size_last_edited=&#8221;off|desktop&#8221; body_font_size_tablet=&#8221;15px&#8221; body_font_size_phone=&#8221;12px&#8221; body_font_size_last_edited=&#8221;on|desktop&#8221; border_radii=&#8221;on|15px|15px|15px|15px&#8221; border_color_left=&#8221;#140F72&#8243; box_shadow_style=&#8221;preset3&#8243; global_colors_info=&#8221;{}&#8221;]<\/p>\n<p class=\"translation-block\">Nous fournissons un service d\u2019\u00e9tude pour diff\u00e9rentes usines en Europe incluant l'int\u00e9gration de nouveaux \u00e9quipements et le contr\u00f4le par une mod\u00e9lisation 3D des implantations, de la conception des tuyauteries et des structures m\u00e9talliques.<\/p>\n<p>[\/et_pb_blurb][\/et_pb_column][\/et_pb_row][et_pb_row column_structure=&#8221;1_3,2_3&#8243; make_equal=&#8221;on&#8221; _builder_version=&#8221;4.22.1&#8243; _module_preset=&#8221;default&#8221; max_width=&#8221;80%&#8221; custom_css_main_element=&#8221;align-items: center;&#8221; global_colors_info=&#8221;{}&#8221;][et_pb_column type=&#8221;1_3&#8243; _builder_version=&#8221;4.22.1&#8243; _module_preset=&#8221;default&#8221; global_colors_info=&#8221;{}&#8221;][et_pb_blurb title=&#8221;GENERAL&#8221; icon_placement=&#8221;left&#8221; image_icon_width=&#8221;106px&#8221; content_max_width=&#8221;100%&#8221; _builder_version=&#8221;4.24.0&#8243; _module_preset=&#8221;default&#8221; header_font=&#8221;LEQUIRE ROUNDED|||on|||||&#8221; header_text_color=&#8221;#34D87F&#8221; header_font_size=&#8221;25px&#8221; body_text_color=&#8221;#140F72&#8243; body_font_size=&#8221;17px&#8221; body_line_height=&#8221;1.4em&#8221; body_ul_line_height=&#8221;1.4em&#8221; background_color=&#8221;#FFFFFF&#8221; custom_padding=&#8221;50px|20px|50px|20px|true|true&#8221; custom_padding_tablet=&#8221;30px||30px||true|true&#8221; custom_padding_phone=&#8221;20px||20px||true|true&#8221; custom_padding_last_edited=&#8221;on|phone&#8221; hover_enabled=&#8221;0&#8243; header_font_size_last_edited=&#8221;off|desktop&#8221; body_font_size_tablet=&#8221;15px&#8221; body_font_size_phone=&#8221;12px&#8221; body_font_size_last_edited=&#8221;on|desktop&#8221; border_radii=&#8221;on|15px|15px|15px|15px&#8221; border_color_left=&#8221;#140F72&#8243; box_shadow_style=&#8221;preset3&#8243; global_colors_info=&#8221;{}&#8221; sticky_enabled=&#8221;0&#8243;]<\/p>\n<ul>\n<li><span>Periode : 2020 \u00e0 Maintenant<\/span><\/li>\n<li><span>Localisation : Belgique<\/span><\/li>\n<li><span>Client : Confidentiel<\/span><\/li>\n<\/ul>\n<p>[\/et_pb_blurb][\/et_pb_column][et_pb_column type=&#8221;2_3&#8243; _builder_version=&#8221;4.22.1&#8243; _module_preset=&#8221;default&#8221; global_colors_info=&#8221;{}&#8221;][et_pb_blurb title=&#8221;SERVICES&#8221; icon_placement=&#8221;left&#8221; image_icon_width=&#8221;106px&#8221; content_max_width=&#8221;100%&#8221; _builder_version=&#8221;4.24.0&#8243; _module_preset=&#8221;default&#8221; header_font=&#8221;LEQUIRE ROUNDED|||on|||||&#8221; header_text_color=&#8221;#34D87F&#8221; header_font_size=&#8221;25px&#8221; body_text_color=&#8221;#140F72&#8243; body_font_size=&#8221;17px&#8221; body_line_height=&#8221;1.4em&#8221; body_ul_line_height=&#8221;1.4em&#8221; background_color=&#8221;#FFFFFF&#8221; custom_padding=&#8221;50px|20px|50px|20px|true|true&#8221; custom_padding_tablet=&#8221;30px||30px||true|true&#8221; custom_padding_phone=&#8221;20px||20px||true|true&#8221; custom_padding_last_edited=&#8221;on|phone&#8221; header_font_size_last_edited=&#8221;off|desktop&#8221; body_font_size_tablet=&#8221;15px&#8221; body_font_size_phone=&#8221;12px&#8221; body_font_size_last_edited=&#8221;on|desktop&#8221; border_radii=&#8221;on|15px|15px|15px|15px&#8221; border_color_left=&#8221;#140F72&#8243; box_shadow_style=&#8221;preset3&#8243; global_colors_info=&#8221;{}&#8221;]<\/p>\n<p>Nous r\u00e9alisons la mod\u00e9lisation 3D de l\u2019usine en v\u00e9rifiant la bonne int\u00e9gration des diff\u00e9rents parties. L'\u00e9tude compl\u00e8te inclut les r\u00e9seaux de tuyauterie avec les plans pour construction, les listes de mat\u00e9riels, les sp\u00e9cifications et les plans isom\u00e9triques.<\/p>\n<p>[\/et_pb_blurb][et_pb_blurb title=&#8221;DESCRIPTION&#8221; icon_placement=&#8221;left&#8221; image_icon_width=&#8221;106px&#8221; content_max_width=&#8221;100%&#8221; _builder_version=&#8221;4.24.0&#8243; _module_preset=&#8221;default&#8221; header_font=&#8221;LEQUIRE ROUNDED|||on|||||&#8221; header_text_color=&#8221;#34D87F&#8221; header_font_size=&#8221;25px&#8221; body_text_color=&#8221;#140F72&#8243; body_font_size=&#8221;17px&#8221; body_line_height=&#8221;1.4em&#8221; body_ul_line_height=&#8221;1.4em&#8221; background_color=&#8221;#FFFFFF&#8221; custom_padding=&#8221;50px|20px|50px|20px|true|true&#8221; custom_padding_tablet=&#8221;30px||30px||true|true&#8221; custom_padding_phone=&#8221;20px||20px||true|true&#8221; custom_padding_last_edited=&#8221;on|phone&#8221; header_font_size_last_edited=&#8221;off|desktop&#8221; body_font_size_tablet=&#8221;15px&#8221; body_font_size_phone=&#8221;12px&#8221; body_font_size_last_edited=&#8221;on|desktop&#8221; border_radii=&#8221;on|15px|15px|15px|15px&#8221; border_color_left=&#8221;#140F72&#8243; box_shadow_style=&#8221;preset3&#8243; global_colors_info=&#8221;{}&#8221;]<\/p>\n<ul>\n<li><span>Plusieurs projets r\u00e9alis\u00e9s pour diff\u00e9rents sites et fours<\/span><\/li>\n<li><span>Conception des tuyauteries des diff\u00e9rents r\u00e9seaux<\/span><\/li>\n<li><span>Etude du supportage et des acc\u00e8s <\/span><\/li>\n<li><span>Mise en plan des P&amp;ID <\/span><\/li>\n<li><span>V\u00e9rification et int\u00e9gration des ensembles des diff\u00e9rents sous-traitants <\/span><\/li>\n<li><span>Int\u00e9gration des \u00e9quipements<\/span><\/li>\n<li><span>Contr\u00f4le sur site<\/span><\/li>\n<\/ul>\n<p>[\/et_pb_blurb][\/et_pb_column][\/et_pb_row][\/et_pb_section][et_pb_section fb_built=&#8221;1&#8243; _builder_version=&#8221;4.22.2&#8243; _module_preset=&#8221;default&#8221; background_color=&#8221;#FFFFFF&#8221; global_colors_info=&#8221;{}&#8221;][et_pb_row make_equal=&#8221;on&#8221; _builder_version=&#8221;4.22.1&#8243; _module_preset=&#8221;default&#8221; max_width=&#8221;80%&#8221; custom_css_main_element=&#8221;align-items: center;&#8221; global_colors_info=&#8221;{}&#8221;][et_pb_column type=&#8221;4_4&#8243; _builder_version=&#8221;4.22.1&#8243; _module_preset=&#8221;default&#8221; global_colors_info=&#8221;{}&#8221;][dsm_masonry_gallery gallery_ids=&#8221;237154,237152,237151,237150&#8243; dsm_sort_images_order=&#8221;rand&#8221; columns=&#8221;2&#8243; gutter=&#8221;20&#8243; use_lightbox=&#8221;on&#8221; use_zoom_on_hover=&#8221;on&#8221; columns_tablet=&#8221;2&#8243; columns_phone=&#8221;1&#8243; columns_last_edited=&#8221;on|tablet&#8221; _builder_version=&#8221;4.23&#8243; _module_preset=&#8221;default&#8221; border_radii_grid=&#8221;on|15px|15px|15px|15px&#8221; box_shadow_style_grid=&#8221;preset3&#8243; global_colors_info=&#8221;{}&#8221;][\/dsm_masonry_gallery][\/et_pb_column][\/et_pb_row][et_pb_row _builder_version=&#8221;4.22.2&#8243; _module_preset=&#8221;default&#8221; global_colors_info=&#8221;{}&#8221;][et_pb_column type=&#8221;4_4&#8243; _builder_version=&#8221;4.22.2&#8243; _module_preset=&#8221;default&#8221; global_colors_info=&#8221;{}&#8221;][et_pb_button button_url=&#8221;https:\/\/www.decogeco.com\/projects-3\/&#8221; button_text=&#8221;SEE ALL PROJECTS&#8221; button_alignment=&#8221;center&#8221; button_alignment_tablet=&#8221;center&#8221; button_alignment_phone=&#8221;&#8221; button_alignment_last_edited=&#8221;on|desktop&#8221; _builder_version=&#8221;4.24.0&#8243; _module_preset=&#8221;72a3e85b-60b6-4b79-a9f6-a2f1baf11694&#8243; button_text_color=&#8221;#140F72&#8243; button_bg_color=&#8221;#34D87F&#8221; custom_margin_tablet=&#8221;0px||||false|false&#8221; custom_margin_phone=&#8221;0px||||false|false&#8221; custom_margin_last_edited=&#8221;on|desktop&#8221; hover_enabled=&#8221;0&#8243; global_colors_info=&#8221;{}&#8221; button_text_color__hover=&#8221;#34D87F&#8221; button_bg_color__hover=&#8221;#140F72&#8243; button_bg_enable_color__hover=&#8221;on&#8221; sticky_enabled=&#8221;0&#8243;][\/et_pb_button][\/et_pb_column][\/et_pb_row][\/et_pb_section]<\/p>","protected":false},"excerpt":{"rendered":"<p><div class=\"et_pb_module dsm_animated_gradient_text dsm_animated_gradient_text_0\">\n\t\t\t\t\n\t\t\t\t\n\t\t\t\t\n\t\t\t\t\n\t\t\t\t\n\t\t\t\t\n\t\t\t\t<div class=\"et_pb_module_inner\">\n\t\t\t\t\t<h2 class=\"dsm-animated-gradient-text et_pb_module_header\">Int\u00e9gration en usine et \u00e9tude de conception<\/h2>\n\t\t\t\t<\/div>\n\t\t\t<\/div>We provide design packages for different factories in Europe consisting of new equipment integration and control by 3D-modeling of appropriate implementation and correct design of piping &amp; steel structures. Period : 2020-Now Situation : Belgium Customer : Confidential Design service package includes 3D-modeling of the plant with integration of the different parties as well as all piping design with detailed drawings, equipment lists, specifications and isometric drawings. Various projects done for different sites and furnaces Piping design of various networks Support and access design P&amp;ID drawings Design control of Client\u2019s subcontractors Equipment integration Control at site <div class=\"et_pb_module dsm_masonry_gallery dsm_masonry_gallery_0\">\n\t\t\t\t\n\t\t\t\t\n\t\t\t\t\n\t\t\t\t\n\t\t\t\t\n\t\t\t\t\n\t\t\t\t<div class=\"et_pb_module_inner\">\n\t\t\t\t\t<div class=\"dsm-gallery grid dsm_masonry_zoom_hover\" data-lightbox=\"true\" data-horizontalorder=\"true\">\n                <div class=\"grid-sizer\"><\/div><div class=\"gutter-sizer\"><\/div><div class=\"grid-item\">\n                    <a href=\"https:\/\/www.decogeco.com\/wp-content\/uploads\/2023\/10\/Top-Project-6.webp\"  data-title='Top Project'  data-caption='' data-mfp-src=\"https:\/\/www.decogeco.com\/wp-content\/uploads\/2023\/10\/Top-Project-6.webp\">\n                        <div class=\"et_pb_image_wrap\">\n                            <img loading=\"lazy\" decoding=\"async\" src=\"https:\/\/www.decogeco.com\/wp-content\/uploads\/2023\/10\/Top-Project-6.webp\" title=\"Top Project\" alt=\"\" class=\"dsm-skip-lazyload\" srcset=\"https:\/\/www.decogeco.com\/wp-content\/uploads\/2023\/10\/Top-Project-6.webp 2400w, https:\/\/www.decogeco.com\/wp-content\/uploads\/2023\/10\/Top-Project-6-1280x640.webp 1280w, https:\/\/www.decogeco.com\/wp-content\/uploads\/2023\/10\/Top-Project-6-980x490.webp 980w, https:\/\/www.decogeco.com\/wp-content\/uploads\/2023\/10\/Top-Project-6-480x240.webp 480w\" sizes=\"(min-width: 0px) and (max-width: 480px) 480px, (min-width: 481px) and (max-width: 980px) 980px, (min-width: 981px) and (max-width: 1280px) 1280px, (min-width: 1281px) 2400px, 100vw\" width=\"2400\" height=\"1200\" \/>\n                            \n                        <\/div>\n                    <\/a>\n                <\/div><div class=\"grid-item\">\n                    <a href=\"https:\/\/www.decogeco.com\/wp-content\/uploads\/2023\/10\/1-Usine-1-scaled.webp\"  data-title='1 &#8211; Usine'  data-caption='' data-mfp-src=\"https:\/\/www.decogeco.com\/wp-content\/uploads\/2023\/10\/1-Usine-1-scaled.webp\">\n                        <div class=\"et_pb_image_wrap\">\n                            <img loading=\"lazy\" decoding=\"async\" src=\"https:\/\/www.decogeco.com\/wp-content\/uploads\/2023\/10\/1-Usine-1-scaled.webp\" title=\"1 &#8211; Usine\" alt=\"\" class=\"dsm-skip-lazyload\" srcset=\"https:\/\/www.decogeco.com\/wp-content\/uploads\/2023\/10\/1-Usine-1-scaled.webp 2560w, https:\/\/www.decogeco.com\/wp-content\/uploads\/2023\/10\/1-Usine-1-1280x989.webp 1280w, https:\/\/www.decogeco.com\/wp-content\/uploads\/2023\/10\/1-Usine-1-980x757.webp 980w, https:\/\/www.decogeco.com\/wp-content\/uploads\/2023\/10\/1-Usine-1-480x371.webp 480w\" sizes=\"(min-width: 0px) and (max-width: 480px) 480px, (min-width: 481px) and (max-width: 980px) 980px, (min-width: 981px) and (max-width: 1280px) 1280px, (min-width: 1281px) 2560px, 100vw\" width=\"2560\" height=\"1978\" \/>\n                            \n                        <\/div>\n                    <\/a>\n                <\/div><div class=\"grid-item\">\n                    <a href=\"https:\/\/www.decogeco.com\/wp-content\/uploads\/2023\/10\/3-Usine-finie.webp\"  data-title='3 &#8211; Usine finie'  data-caption='' data-mfp-src=\"https:\/\/www.decogeco.com\/wp-content\/uploads\/2023\/10\/3-Usine-finie.webp\">\n                        <div class=\"et_pb_image_wrap\">\n                            <img loading=\"lazy\" decoding=\"async\" src=\"https:\/\/www.decogeco.com\/wp-content\/uploads\/2023\/10\/3-Usine-finie.webp\" title=\"3 &#8211; Usine finie\" alt=\"\" class=\"dsm-skip-lazyload\" srcset=\"https:\/\/www.decogeco.com\/wp-content\/uploads\/2023\/10\/3-Usine-finie.webp 600w, https:\/\/www.decogeco.com\/wp-content\/uploads\/2023\/10\/3-Usine-finie-480x333.webp 480w\" sizes=\"(min-width: 0px) and (max-width: 480px) 480px, (min-width: 481px) 600px, 100vw\" width=\"600\" height=\"416\" \/>\n                            \n                        <\/div>\n                    <\/a>\n                <\/div><div class=\"grid-item\">\n                    <a href=\"https:\/\/www.decogeco.com\/wp-content\/uploads\/2023\/10\/2-Usine-2-scaled.webp\"  data-title='2 &#8211; Usine 2'  data-caption='' data-mfp-src=\"https:\/\/www.decogeco.com\/wp-content\/uploads\/2023\/10\/2-Usine-2-scaled.webp\">\n                        <div class=\"et_pb_image_wrap\">\n                            <img loading=\"lazy\" decoding=\"async\" src=\"https:\/\/www.decogeco.com\/wp-content\/uploads\/2023\/10\/2-Usine-2-scaled.webp\" title=\"2 &#8211; Usine 2\" alt=\"\" class=\"dsm-skip-lazyload\" srcset=\"https:\/\/www.decogeco.com\/wp-content\/uploads\/2023\/10\/2-Usine-2-scaled.webp 2560w, https:\/\/www.decogeco.com\/wp-content\/uploads\/2023\/10\/2-Usine-2-1280x989.webp 1280w, https:\/\/www.decogeco.com\/wp-content\/uploads\/2023\/10\/2-Usine-2-980x757.webp 980w, https:\/\/www.decogeco.com\/wp-content\/uploads\/2023\/10\/2-Usine-2-480x371.webp 480w\" sizes=\"(min-width: 0px) and (max-width: 480px) 480px, (min-width: 481px) and (max-width: 980px) 980px, (min-width: 981px) and (max-width: 1280px) 1280px, (min-width: 1281px) 2560px, 100vw\" width=\"2560\" height=\"1978\" \/>\n                            \n                        <\/div>\n                    <\/a>\n                <\/div>\n             <\/div>\n\t\t\t\t<\/div>\n\t\t\t<\/div><\/p>","protected":false},"author":1,"featured_media":0,"parent":0,"menu_order":0,"comment_status":"closed","ping_status":"closed","template":"","meta":{"_et_pb_use_builder":"on","_et_pb_old_content":"","_et_gb_content_width":"","footnotes":""},"class_list":["post-237110","page","type-page","status-publish","hentry"],"yoast_head":"<!-- This site is optimized with the Yoast SEO plugin v26.7 - https:\/\/yoast.com\/wordpress\/plugins\/seo\/ -->\n<title>Factory Integration - DEC OGECO<\/title>\n<meta name=\"robots\" content=\"index, follow, max-snippet:-1, max-image-preview:large, max-video-preview:-1\" \/>\n<link rel=\"canonical\" href=\"https:\/\/www.decogeco.com\/fr\/eur-factory-integration\/\" \/>\n<meta property=\"og:locale\" content=\"fr_FR\" \/>\n<meta property=\"og:type\" content=\"article\" \/>\n<meta property=\"og:title\" content=\"Factory Integration - DEC OGECO\" \/>\n<meta property=\"og:description\" content=\"We provide design packages for different factories in Europe consisting of new equipment integration and control by 3D-modeling of appropriate implementation and correct design of piping &amp; steel structures. Period : 2020-Now Situation : Belgium Customer : Confidential Design service package includes 3D-modeling of the plant with integration of the different parties as well as all piping design with detailed drawings, equipment lists, specifications and isometric drawings. Various projects done for different sites and furnaces Piping design of various networks Support and access design P&amp;ID drawings Design control of Client\u2019s subcontractors Equipment integration Control at site\" \/>\n<meta property=\"og:url\" content=\"https:\/\/www.decogeco.com\/fr\/eur-factory-integration\/\" \/>\n<meta property=\"og:site_name\" content=\"DEC OGECO\" \/>\n<meta property=\"article:modified_time\" content=\"2024-02-15T10:23:19+00:00\" \/>\n<meta name=\"twitter:card\" content=\"summary_large_image\" \/>\n<meta name=\"twitter:label1\" content=\"Dur\u00e9e de lecture estim\u00e9e\" \/>\n\t<meta name=\"twitter:data1\" content=\"6 minutes\" \/>\n<script type=\"application\/ld+json\" class=\"yoast-schema-graph\">{\"@context\":\"https:\/\/schema.org\",\"@graph\":[{\"@type\":\"WebPage\",\"@id\":\"https:\/\/www.decogeco.com\/eur-factory-integration\/\",\"url\":\"https:\/\/www.decogeco.com\/eur-factory-integration\/\",\"name\":\"Factory Integration - DEC OGECO\",\"isPartOf\":{\"@id\":\"https:\/\/www.decogeco.be\/#website\"},\"datePublished\":\"2023-10-23T07:22:02+00:00\",\"dateModified\":\"2024-02-15T10:23:19+00:00\",\"breadcrumb\":{\"@id\":\"https:\/\/www.decogeco.com\/eur-factory-integration\/#breadcrumb\"},\"inLanguage\":\"fr-FR\",\"potentialAction\":[{\"@type\":\"ReadAction\",\"target\":[\"https:\/\/www.decogeco.com\/eur-factory-integration\/\"]}]},{\"@type\":\"BreadcrumbList\",\"@id\":\"https:\/\/www.decogeco.com\/eur-factory-integration\/#breadcrumb\",\"itemListElement\":[{\"@type\":\"ListItem\",\"position\":1,\"name\":\"Home\",\"item\":\"https:\/\/www.decogeco.com\/\"},{\"@type\":\"ListItem\",\"position\":2,\"name\":\"Factory Integration\"}]},{\"@type\":\"WebSite\",\"@id\":\"https:\/\/www.decogeco.be\/#website\",\"url\":\"https:\/\/www.decogeco.be\/\",\"name\":\"DEC OGECO\",\"description\":\"The right partner for your projects !\",\"potentialAction\":[{\"@type\":\"SearchAction\",\"target\":{\"@type\":\"EntryPoint\",\"urlTemplate\":\"https:\/\/www.decogeco.be\/?s={search_term_string}\"},\"query-input\":{\"@type\":\"PropertyValueSpecification\",\"valueRequired\":true,\"valueName\":\"search_term_string\"}}],\"inLanguage\":\"fr-FR\"}]}<\/script>\n<!-- \/ Yoast SEO plugin. -->","yoast_head_json":{"title":"Factory Integration - DEC OGECO","robots":{"index":"index","follow":"follow","max-snippet":"max-snippet:-1","max-image-preview":"max-image-preview:large","max-video-preview":"max-video-preview:-1"},"canonical":"https:\/\/www.decogeco.com\/fr\/eur-factory-integration\/","og_locale":"fr_FR","og_type":"article","og_title":"Factory Integration - DEC OGECO","og_description":"We provide design packages for different factories in Europe consisting of new equipment integration and control by 3D-modeling of appropriate implementation and correct design of piping &amp; steel structures. Period : 2020-Now Situation : Belgium Customer : Confidential Design service package includes 3D-modeling of the plant with integration of the different parties as well as all piping design with detailed drawings, equipment lists, specifications and isometric drawings. Various projects done for different sites and furnaces Piping design of various networks Support and access design P&amp;ID drawings Design control of Client\u2019s subcontractors Equipment integration Control at site","og_url":"https:\/\/www.decogeco.com\/fr\/eur-factory-integration\/","og_site_name":"DEC OGECO","article_modified_time":"2024-02-15T10:23:19+00:00","twitter_card":"summary_large_image","twitter_misc":{"Dur\u00e9e de lecture estim\u00e9e":"6 minutes"},"schema":{"@context":"https:\/\/schema.org","@graph":[{"@type":"WebPage","@id":"https:\/\/www.decogeco.com\/eur-factory-integration\/","url":"https:\/\/www.decogeco.com\/eur-factory-integration\/","name":"Factory Integration - DEC OGECO","isPartOf":{"@id":"https:\/\/www.decogeco.be\/#website"},"datePublished":"2023-10-23T07:22:02+00:00","dateModified":"2024-02-15T10:23:19+00:00","breadcrumb":{"@id":"https:\/\/www.decogeco.com\/eur-factory-integration\/#breadcrumb"},"inLanguage":"fr-FR","potentialAction":[{"@type":"ReadAction","target":["https:\/\/www.decogeco.com\/eur-factory-integration\/"]}]},{"@type":"BreadcrumbList","@id":"https:\/\/www.decogeco.com\/eur-factory-integration\/#breadcrumb","itemListElement":[{"@type":"ListItem","position":1,"name":"Home","item":"https:\/\/www.decogeco.com\/"},{"@type":"ListItem","position":2,"name":"Factory Integration"}]},{"@type":"WebSite","@id":"https:\/\/www.decogeco.be\/#website","url":"https:\/\/www.decogeco.be\/","name":"DEC OGECO","description":"The right partner for your projects !","potentialAction":[{"@type":"SearchAction","target":{"@type":"EntryPoint","urlTemplate":"https:\/\/www.decogeco.be\/?s={search_term_string}"},"query-input":{"@type":"PropertyValueSpecification","valueRequired":true,"valueName":"search_term_string"}}],"inLanguage":"fr-FR"}]}},"_links":{"self":[{"href":"https:\/\/www.decogeco.com\/fr\/wp-json\/wp\/v2\/pages\/237110","targetHints":{"allow":["GET"]}}],"collection":[{"href":"https:\/\/www.decogeco.com\/fr\/wp-json\/wp\/v2\/pages"}],"about":[{"href":"https:\/\/www.decogeco.com\/fr\/wp-json\/wp\/v2\/types\/page"}],"author":[{"embeddable":true,"href":"https:\/\/www.decogeco.com\/fr\/wp-json\/wp\/v2\/users\/1"}],"replies":[{"embeddable":true,"href":"https:\/\/www.decogeco.com\/fr\/wp-json\/wp\/v2\/comments?post=237110"}],"version-history":[{"count":8,"href":"https:\/\/www.decogeco.com\/fr\/wp-json\/wp\/v2\/pages\/237110\/revisions"}],"predecessor-version":[{"id":237499,"href":"https:\/\/www.decogeco.com\/fr\/wp-json\/wp\/v2\/pages\/237110\/revisions\/237499"}],"wp:attachment":[{"href":"https:\/\/www.decogeco.com\/fr\/wp-json\/wp\/v2\/media?parent=237110"}],"curies":[{"name":"wp","href":"https:\/\/api.w.org\/{rel}","templated":true}]}}