{"id":237174,"date":"2023-10-24T17:08:26","date_gmt":"2023-10-24T15:08:26","guid":{"rendered":"https:\/\/www.decogeco.be\/?page_id=237174"},"modified":"2024-02-15T11:29:53","modified_gmt":"2024-02-15T10:29:53","slug":"afr-oryx-kurasini","status":"publish","type":"page","link":"https:\/\/www.decogeco.com\/fr\/afr-oryx-kurasini\/","title":{"rendered":"Oryx Kurasini"},"content":{"rendered":"<p>[et_pb_section fb_built=&#8221;1&#8243; admin_label=&#8221;Header&#8221; _builder_version=&#8221;4.22.2&#8243; _module_preset=&#8221;default&#8221; background_color=&#8221;#FFFFFF&#8221; background_enable_image=&#8221;off&#8221; custom_padding=&#8221;||0px||false|false&#8221; box_shadow_style=&#8221;preset7&#8243; box_shadow_horizontal=&#8221;0px&#8221; box_shadow_vertical=&#8221;-15vw&#8221; box_shadow_color=&#8221;#140F72&#8243; box_shadow_vertical_tablet=&#8221;-15vw&#8221; box_shadow_vertical_phone=&#8221;-40vw&#8221; box_shadow_vertical_last_edited=&#8221;on|tablet&#8221; locked=&#8221;off&#8221; global_colors_info=&#8221;{}&#8221;][et_pb_row _builder_version=&#8221;4.22.2&#8243; _module_preset=&#8221;default&#8221; custom_margin=&#8221;75px||||false|false&#8221; custom_padding=&#8221;||0px||false|false&#8221; global_colors_info=&#8221;{}&#8221;][et_pb_column type=&#8221;4_4&#8243; _builder_version=&#8221;4.16&#8243; _module_preset=&#8221;default&#8221; global_colors_info=&#8221;{}&#8221;][et_pb_image src=&#8221;https:\/\/www.decogeco.be\/wp-content\/uploads\/2023\/10\/Top-Project-1-2.webp&#8221; title_text=&#8221;SQUARE IMG&#8221; show_in_lightbox=&#8221;on&#8221; src_tablet=&#8221;https:\/\/www.decogeco.be\/wp-content\/uploads\/2023\/10\/Top-Project-1-2.webp&#8221; src_phone=&#8221;https:\/\/www.decogeco.be\/wp-content\/uploads\/2023\/10\/SQUARE-IMG-8.webp&#8221; src_last_edited=&#8221;on|phone&#8221; _builder_version=&#8221;4.23&#8243; _module_preset=&#8221;default&#8221; border_radii=&#8221;on|15px|15px|15px|15px&#8221; box_shadow_style=&#8221;preset3&#8243; global_colors_info=&#8221;{}&#8221;][\/et_pb_image][\/et_pb_column][\/et_pb_row][\/et_pb_section][et_pb_section fb_built=&#8221;1&#8243; _builder_version=&#8221;4.22.2&#8243; _module_preset=&#8221;default&#8221; background_color=&#8221;#140F72&#8243; global_colors_info=&#8221;{}&#8221;][et_pb_row _builder_version=&#8221;4.22.2&#8243; _module_preset=&#8221;default&#8221; custom_margin=&#8221;||||false|false&#8221; custom_padding=&#8221;0px||0px||false|false&#8221; global_colors_info=&#8221;{}&#8221;][et_pb_column type=&#8221;4_4&#8243; _builder_version=&#8221;4.22.2&#8243; _module_preset=&#8221;default&#8221; global_colors_info=&#8221;{}&#8221;][dsm_animated_gradient_text animated_gradient_text=&#8221;Lubricating oil plant \u2013 Revamping of gauging system&#8221; gradient_one_color=&#8221;#34D87F&#8221; gradient_two_color=&#8221;#FFFFFF&#8221; gradient_three_color=&#8221;#34D87F&#8221; gradient_four_color=&#8221;#FFFFFF&#8221; _builder_version=&#8221;4.24.0&#8243; _module_preset=&#8221;2fdb0218-31f1-448f-89b8-df05df2ae3da&#8221; header_font=&#8221;LEQUIRE ROUNDED|800||on|||||&#8221; header_text_align=&#8221;center&#8221; header_font_size=&#8221;60px&#8221; custom_margin=&#8221;||||false|false&#8221; custom_padding=&#8221;40px||||false|false&#8221; custom_padding_tablet=&#8221;40px||||false|false&#8221; custom_padding_phone=&#8221;40px||||false|false&#8221; custom_padding_last_edited=&#8221;on|phone&#8221; hover_enabled=&#8221;0&#8243; global_colors_info=&#8221;{}&#8221; sticky_enabled=&#8221;0&#8243;][\/dsm_animated_gradient_text][\/et_pb_column][\/et_pb_row][\/et_pb_section][et_pb_section fb_built=&#8221;1&#8243; _builder_version=&#8221;4.22.2&#8243; _module_preset=&#8221;default&#8221; background_color=&#8221;#140F72&#8243; custom_padding=&#8221;0px||||false|false&#8221; global_colors_info=&#8221;{}&#8221;][et_pb_row make_equal=&#8221;on&#8221; _builder_version=&#8221;4.22.1&#8243; _module_preset=&#8221;default&#8221; max_width=&#8221;80%&#8221; custom_css_main_element=&#8221;align-items: center;&#8221; global_colors_info=&#8221;{}&#8221;][et_pb_column type=&#8221;4_4&#8243; _builder_version=&#8221;4.22.1&#8243; _module_preset=&#8221;default&#8221; global_colors_info=&#8221;{}&#8221;][et_pb_blurb title=&#8221;PROJECT DETAILS&#8221; icon_placement=&#8221;left&#8221; image_icon_width=&#8221;106px&#8221; content_max_width=&#8221;100%&#8221; _builder_version=&#8221;4.24.0&#8243; _module_preset=&#8221;default&#8221; header_font=&#8221;LEQUIRE ROUNDED|||on|||||&#8221; header_text_align=&#8221;center&#8221; header_text_color=&#8221;#140F72&#8243; header_font_size=&#8221;25px&#8221; body_text_align=&#8221;center&#8221; body_text_color=&#8221;#FFFFFF&#8221; body_font_size=&#8221;17px&#8221; body_line_height=&#8221;1.4em&#8221; body_ul_line_height=&#8221;1.4em&#8221; background_color=&#8221;#34D87F&#8221; custom_padding=&#8221;50px|20px|50px|0px|true|false&#8221; header_font_size_last_edited=&#8221;off|desktop&#8221; body_font_size_tablet=&#8221;15px&#8221; body_font_size_phone=&#8221;12px&#8221; body_font_size_last_edited=&#8221;on|desktop&#8221; border_radii=&#8221;on|15px|15px|15px|15px&#8221; border_color_left=&#8221;#140F72&#8243; box_shadow_style=&#8221;preset3&#8243; global_colors_info=&#8221;{}&#8221;]<\/p>\n<p class=\"translation-block\">Nous fournissons une solution compl\u00e8te comprenant l'installation d'un nouveau syst\u00e8me de jaugeage sur des r\u00e9servoirs de p\u00e9trole existants, depuis l'analyse technique initiale jusqu'\u00e0 la mise en service sur site.<\/p>\n<p>[\/et_pb_blurb][\/et_pb_column][\/et_pb_row][et_pb_row column_structure=&#8221;1_3,2_3&#8243; make_equal=&#8221;on&#8221; _builder_version=&#8221;4.22.1&#8243; _module_preset=&#8221;default&#8221; max_width=&#8221;80%&#8221; custom_css_main_element=&#8221;align-items: center;&#8221; global_colors_info=&#8221;{}&#8221;][et_pb_column type=&#8221;1_3&#8243; _builder_version=&#8221;4.22.1&#8243; _module_preset=&#8221;default&#8221; global_colors_info=&#8221;{}&#8221;][et_pb_blurb title=&#8221;GENERAL&#8221; icon_placement=&#8221;left&#8221; image_icon_width=&#8221;106px&#8221; content_max_width=&#8221;100%&#8221; _builder_version=&#8221;4.24.0&#8243; _module_preset=&#8221;default&#8221; header_font=&#8221;LEQUIRE ROUNDED|||on|||||&#8221; header_text_color=&#8221;#34D87F&#8221; header_font_size=&#8221;25px&#8221; body_text_color=&#8221;#140F72&#8243; body_font_size=&#8221;17px&#8221; body_line_height=&#8221;1.4em&#8221; body_ul_line_height=&#8221;1.4em&#8221; background_color=&#8221;#FFFFFF&#8221; custom_padding=&#8221;50px|20px|50px|20px|true|true&#8221; custom_padding_tablet=&#8221;30px||30px||true|true&#8221; custom_padding_phone=&#8221;20px||20px||true|true&#8221; custom_padding_last_edited=&#8221;on|phone&#8221; hover_enabled=&#8221;0&#8243; header_font_size_last_edited=&#8221;off|desktop&#8221; body_font_size_tablet=&#8221;15px&#8221; body_font_size_phone=&#8221;12px&#8221; body_font_size_last_edited=&#8221;on|desktop&#8221; border_radii=&#8221;on|15px|15px|15px|15px&#8221; border_color_left=&#8221;#140F72&#8243; box_shadow_style=&#8221;preset3&#8243; global_colors_info=&#8221;{}&#8221; sticky_enabled=&#8221;0&#8243;]<\/p>\n<ul>\n<li><span>P\u00e9riode : 2018-2019<\/span><\/li>\n<li><span>Localisation : Kurasini, Tanzanie<\/span><\/li>\n<li><span>Client : Oryx Energy<\/span><\/li>\n<\/ul>\n<p>[\/et_pb_blurb][\/et_pb_column][et_pb_column type=&#8221;2_3&#8243; _builder_version=&#8221;4.22.1&#8243; _module_preset=&#8221;default&#8221; global_colors_info=&#8221;{}&#8221;][et_pb_blurb title=&#8221;SERVICES&#8221; icon_placement=&#8221;left&#8221; image_icon_width=&#8221;106px&#8221; content_max_width=&#8221;100%&#8221; _builder_version=&#8221;4.24.0&#8243; _module_preset=&#8221;default&#8221; header_font=&#8221;LEQUIRE ROUNDED|||on|||||&#8221; header_text_color=&#8221;#34D87F&#8221; header_font_size=&#8221;25px&#8221; body_text_color=&#8221;#140F72&#8243; body_font_size=&#8221;17px&#8221; body_line_height=&#8221;1.4em&#8221; body_ul_line_height=&#8221;1.4em&#8221; background_color=&#8221;#FFFFFF&#8221; custom_padding=&#8221;50px|20px|50px|20px|true|true&#8221; custom_padding_tablet=&#8221;30px||30px||true|true&#8221; custom_padding_phone=&#8221;20px||20px||true|true&#8221; custom_padding_last_edited=&#8221;on|phone&#8221; header_font_size_last_edited=&#8221;off|desktop&#8221; body_font_size_tablet=&#8221;15px&#8221; body_font_size_phone=&#8221;12px&#8221; body_font_size_last_edited=&#8221;on|desktop&#8221; border_radii=&#8221;on|15px|15px|15px|15px&#8221; border_color_left=&#8221;#140F72&#8243; box_shadow_style=&#8221;preset3&#8243; global_colors_info=&#8221;{}&#8221;]<\/p>\n<p>Contrat de r\u00e9novation cl\u00e9 en main pour la conception, l'approvisionnement, l'installation et la mise en service.<\/p>\n<p>[\/et_pb_blurb][et_pb_blurb title=&#8221;DESCRIPTION&#8221; icon_placement=&#8221;left&#8221; image_icon_width=&#8221;106px&#8221; content_max_width=&#8221;100%&#8221; _builder_version=&#8221;4.24.0&#8243; _module_preset=&#8221;default&#8221; header_font=&#8221;LEQUIRE ROUNDED|||on|||||&#8221; header_text_color=&#8221;#34D87F&#8221; header_font_size=&#8221;25px&#8221; body_text_color=&#8221;#140F72&#8243; body_font_size=&#8221;17px&#8221; body_line_height=&#8221;1.4em&#8221; body_ul_line_height=&#8221;1.4em&#8221; background_color=&#8221;#FFFFFF&#8221; custom_padding=&#8221;50px|20px|50px|20px|true|true&#8221; custom_padding_tablet=&#8221;30px||30px||true|true&#8221; custom_padding_phone=&#8221;20px||20px||true|true&#8221; custom_padding_last_edited=&#8221;on|phone&#8221; header_font_size_last_edited=&#8221;off|desktop&#8221; body_font_size_tablet=&#8221;15px&#8221; body_font_size_phone=&#8221;12px&#8221; body_font_size_last_edited=&#8221;on|desktop&#8221; border_radii=&#8221;on|15px|15px|15px|15px&#8221; border_color_left=&#8221;#140F72&#8243; box_shadow_style=&#8221;preset3&#8243; global_colors_info=&#8221;{}&#8221;]<\/p>\n<ul>\n<li><span>Travaux relatifs \u00e0 21 r\u00e9servoirs de p\u00e9trole (stockage et processus) de 20 m\u00b3 \u00e0 3 700 m\u00b3<\/span><\/li>\n<li><span>Instrumentation pour le niveau, la temp\u00e9rature et la s\u00e9curit\u00e9 (d\u00e9tection de niveau \u00e9lev\u00e9) et syst\u00e8me de supervision<\/span><\/li>\n<li><span>Nouveaux panneaux \u00e9lectriques<\/span><\/li>\n<\/ul>\n<p>[\/et_pb_blurb][\/et_pb_column][\/et_pb_row][\/et_pb_section][et_pb_section fb_built=&#8221;1&#8243; _builder_version=&#8221;4.22.2&#8243; _module_preset=&#8221;default&#8221; background_color=&#8221;#FFFFFF&#8221; global_colors_info=&#8221;{}&#8221;][et_pb_row make_equal=&#8221;on&#8221; _builder_version=&#8221;4.22.1&#8243; _module_preset=&#8221;default&#8221; max_width=&#8221;80%&#8221; custom_css_main_element=&#8221;align-items: center;&#8221; global_colors_info=&#8221;{}&#8221;][et_pb_column type=&#8221;4_4&#8243; _builder_version=&#8221;4.22.1&#8243; _module_preset=&#8221;default&#8221; global_colors_info=&#8221;{}&#8221;][dsm_masonry_gallery gallery_ids=&#8221;237179,237177,237176&#8243; dsm_sort_images_order=&#8221;rand&#8221; columns=&#8221;2&#8243; gutter=&#8221;20&#8243; use_lightbox=&#8221;on&#8221; use_zoom_on_hover=&#8221;on&#8221; columns_tablet=&#8221;2&#8243; columns_phone=&#8221;1&#8243; columns_last_edited=&#8221;on|tablet&#8221; _builder_version=&#8221;4.23&#8243; _module_preset=&#8221;default&#8221; border_radii_grid=&#8221;on|15px|15px|15px|15px&#8221; box_shadow_style_grid=&#8221;preset3&#8243; global_colors_info=&#8221;{}&#8221;][\/dsm_masonry_gallery][\/et_pb_column][\/et_pb_row][et_pb_row _builder_version=&#8221;4.22.2&#8243; _module_preset=&#8221;default&#8221; global_colors_info=&#8221;{}&#8221;][et_pb_column type=&#8221;4_4&#8243; _builder_version=&#8221;4.22.2&#8243; _module_preset=&#8221;default&#8221; global_colors_info=&#8221;{}&#8221;][et_pb_button button_url=&#8221;https:\/\/www.decogeco.com\/projects-3\/&#8221; button_text=&#8221;SEE ALL PROJECTS&#8221; button_alignment=&#8221;center&#8221; button_alignment_tablet=&#8221;center&#8221; button_alignment_phone=&#8221;&#8221; button_alignment_last_edited=&#8221;on|desktop&#8221; _builder_version=&#8221;4.24.0&#8243; _module_preset=&#8221;72a3e85b-60b6-4b79-a9f6-a2f1baf11694&#8243; button_text_color=&#8221;#140F72&#8243; button_bg_color=&#8221;#34D87F&#8221; custom_margin_tablet=&#8221;0px||||false|false&#8221; custom_margin_phone=&#8221;0px||||false|false&#8221; custom_margin_last_edited=&#8221;on|desktop&#8221; hover_enabled=&#8221;0&#8243; global_colors_info=&#8221;{}&#8221; button_text_color__hover=&#8221;#34D87F&#8221; button_bg_color__hover=&#8221;#140F72&#8243; button_bg_enable_color__hover=&#8221;on&#8221; sticky_enabled=&#8221;0&#8243;][\/et_pb_button][\/et_pb_column][\/et_pb_row][\/et_pb_section]<\/p>","protected":false},"excerpt":{"rendered":"<p><div class=\"et_pb_module dsm_animated_gradient_text dsm_animated_gradient_text_0\">\n\t\t\t\t\n\t\t\t\t\n\t\t\t\t\n\t\t\t\t\n\t\t\t\t\n\t\t\t\t\n\t\t\t\t<div class=\"et_pb_module_inner\">\n\t\t\t\t\t<h2 class=\"dsm-animated-gradient-text et_pb_module_header\">Usine de lubrifiant - Modernisation du syst\u00e8me de jaugeage<\/h2>\n\t\t\t\t<\/div>\n\t\t\t<\/div>We provide a complete solution consisting of installation of new gauging system on a existing oil tanks including initial technical analysis up to site commissioning. Period : 2018-2019 Situation : Kurasini, Tanzanie Customer : Oryx Energy Full turn-key renovation contract for design, supply, erection and start-up. Works related to 21 oil tanks (storage and process) from 20 m\u00b3 to 3,700 m\u00b3 Instrumentation for level, temperature and safety (high level detection) and supervision system New electrical panels <div class=\"et_pb_module dsm_masonry_gallery dsm_masonry_gallery_0\">\n\t\t\t\t\n\t\t\t\t\n\t\t\t\t\n\t\t\t\t\n\t\t\t\t\n\t\t\t\t\n\t\t\t\t<div class=\"et_pb_module_inner\">\n\t\t\t\t\t<div class=\"dsm-gallery grid dsm_masonry_zoom_hover\" data-lightbox=\"true\" data-horizontalorder=\"true\">\n                <div class=\"grid-sizer\"><\/div><div class=\"gutter-sizer\"><\/div><div class=\"grid-item\">\n                    <a href=\"https:\/\/www.decogeco.com\/wp-content\/uploads\/2023\/10\/Top-Project-1-2.webp\"  data-title='Top Project-'  data-caption='' data-mfp-src=\"https:\/\/www.decogeco.com\/wp-content\/uploads\/2023\/10\/Top-Project-1-2.webp\">\n                        <div class=\"et_pb_image_wrap\">\n                            <img loading=\"lazy\" decoding=\"async\" src=\"https:\/\/www.decogeco.com\/wp-content\/uploads\/2023\/10\/Top-Project-1-2.webp\" title=\"Top Project-\" alt=\"\" class=\"dsm-skip-lazyload\" srcset=\"https:\/\/www.decogeco.com\/wp-content\/uploads\/2023\/10\/Top-Project-1-2.webp 2400w, https:\/\/www.decogeco.com\/wp-content\/uploads\/2023\/10\/Top-Project-1-2-1280x640.webp 1280w, https:\/\/www.decogeco.com\/wp-content\/uploads\/2023\/10\/Top-Project-1-2-980x490.webp 980w, https:\/\/www.decogeco.com\/wp-content\/uploads\/2023\/10\/Top-Project-1-2-480x240.webp 480w\" sizes=\"(min-width: 0px) and (max-width: 480px) 480px, (min-width: 481px) and (max-width: 980px) 980px, (min-width: 981px) and (max-width: 1280px) 1280px, (min-width: 1281px) 2400px, 100vw\" width=\"2400\" height=\"1200\" \/>\n                            \n                        <\/div>\n                    <\/a>\n                <\/div><div class=\"grid-item\">\n                    <a href=\"https:\/\/www.decogeco.com\/wp-content\/uploads\/2023\/10\/2-Oil-Terminal.webp\"  data-title='2 &#8211; Oil Terminal'  data-caption='' data-mfp-src=\"https:\/\/www.decogeco.com\/wp-content\/uploads\/2023\/10\/2-Oil-Terminal.webp\">\n                        <div class=\"et_pb_image_wrap\">\n                            <img loading=\"lazy\" decoding=\"async\" src=\"https:\/\/www.decogeco.com\/wp-content\/uploads\/2023\/10\/2-Oil-Terminal.webp\" title=\"2 &#8211; Oil Terminal\" alt=\"\" class=\"dsm-skip-lazyload\" srcset=\"https:\/\/www.decogeco.com\/wp-content\/uploads\/2023\/10\/2-Oil-Terminal.webp 1072w, https:\/\/www.decogeco.com\/wp-content\/uploads\/2023\/10\/2-Oil-Terminal-980x571.webp 980w, https:\/\/www.decogeco.com\/wp-content\/uploads\/2023\/10\/2-Oil-Terminal-480x280.webp 480w\" sizes=\"(min-width: 0px) and (max-width: 480px) 480px, (min-width: 481px) and (max-width: 980px) 980px, (min-width: 981px) 1072px, 100vw\" width=\"1072\" height=\"625\" \/>\n                            \n                        <\/div>\n                    <\/a>\n                <\/div><div class=\"grid-item\">\n                    <a href=\"https:\/\/www.decogeco.com\/wp-content\/uploads\/2023\/10\/1-Oil-Terminal.webp\"  data-title='1 &#8211; Oil Terminal'  data-caption='' data-mfp-src=\"https:\/\/www.decogeco.com\/wp-content\/uploads\/2023\/10\/1-Oil-Terminal.webp\">\n                        <div class=\"et_pb_image_wrap\">\n                            <img loading=\"lazy\" decoding=\"async\" src=\"https:\/\/www.decogeco.com\/wp-content\/uploads\/2023\/10\/1-Oil-Terminal.webp\" title=\"1 &#8211; Oil Terminal\" alt=\"\" class=\"dsm-skip-lazyload\" srcset=\"https:\/\/www.decogeco.com\/wp-content\/uploads\/2023\/10\/1-Oil-Terminal.webp 560w, https:\/\/www.decogeco.com\/wp-content\/uploads\/2023\/10\/1-Oil-Terminal-480x420.webp 480w\" sizes=\"(min-width: 0px) and (max-width: 480px) 480px, (min-width: 481px) 560px, 100vw\" width=\"560\" height=\"490\" \/>\n                            \n                        <\/div>\n                    <\/a>\n                <\/div>\n             <\/div>\n\t\t\t\t<\/div>\n\t\t\t<\/div><\/p>","protected":false},"author":1,"featured_media":0,"parent":0,"menu_order":0,"comment_status":"closed","ping_status":"closed","template":"","meta":{"_et_pb_use_builder":"on","_et_pb_old_content":"","_et_gb_content_width":"","footnotes":""},"class_list":["post-237174","page","type-page","status-publish","hentry"],"yoast_head":"<!-- This site is optimized with the Yoast SEO plugin v26.7 - https:\/\/yoast.com\/wordpress\/plugins\/seo\/ -->\n<title>Oryx Kurasini - DEC OGECO<\/title>\n<meta name=\"robots\" content=\"index, follow, max-snippet:-1, max-image-preview:large, max-video-preview:-1\" \/>\n<link rel=\"canonical\" href=\"https:\/\/www.decogeco.com\/fr\/afr-oryx-kurasini\/\" \/>\n<meta property=\"og:locale\" content=\"fr_FR\" \/>\n<meta property=\"og:type\" content=\"article\" \/>\n<meta property=\"og:title\" content=\"Oryx Kurasini - DEC OGECO\" \/>\n<meta property=\"og:description\" content=\"We provide a complete solution consisting of installation of new gauging system on a existing oil tanks including initial technical analysis up to site commissioning. Period : 2018-2019 Situation : Kurasini, Tanzanie Customer : Oryx Energy Full turn-key renovation contract for design, supply, erection and start-up. Works related to 21 oil tanks (storage and process) from 20 m\u00b3 to 3,700 m\u00b3 Instrumentation for level, temperature and safety (high level detection) and supervision system New electrical panels\" \/>\n<meta property=\"og:url\" content=\"https:\/\/www.decogeco.com\/fr\/afr-oryx-kurasini\/\" \/>\n<meta property=\"og:site_name\" content=\"DEC OGECO\" \/>\n<meta property=\"article:modified_time\" content=\"2024-02-15T10:29:53+00:00\" \/>\n<meta name=\"twitter:card\" content=\"summary_large_image\" \/>\n<meta name=\"twitter:label1\" content=\"Dur\u00e9e de lecture estim\u00e9e\" \/>\n\t<meta name=\"twitter:data1\" content=\"6 minutes\" \/>\n<script type=\"application\/ld+json\" class=\"yoast-schema-graph\">{\"@context\":\"https:\/\/schema.org\",\"@graph\":[{\"@type\":\"WebPage\",\"@id\":\"https:\/\/www.decogeco.com\/afr-oryx-kurasini\/\",\"url\":\"https:\/\/www.decogeco.com\/afr-oryx-kurasini\/\",\"name\":\"Oryx Kurasini - DEC OGECO\",\"isPartOf\":{\"@id\":\"https:\/\/www.decogeco.be\/#website\"},\"datePublished\":\"2023-10-24T15:08:26+00:00\",\"dateModified\":\"2024-02-15T10:29:53+00:00\",\"breadcrumb\":{\"@id\":\"https:\/\/www.decogeco.com\/afr-oryx-kurasini\/#breadcrumb\"},\"inLanguage\":\"fr-FR\",\"potentialAction\":[{\"@type\":\"ReadAction\",\"target\":[\"https:\/\/www.decogeco.com\/afr-oryx-kurasini\/\"]}]},{\"@type\":\"BreadcrumbList\",\"@id\":\"https:\/\/www.decogeco.com\/afr-oryx-kurasini\/#breadcrumb\",\"itemListElement\":[{\"@type\":\"ListItem\",\"position\":1,\"name\":\"Home\",\"item\":\"https:\/\/www.decogeco.com\/\"},{\"@type\":\"ListItem\",\"position\":2,\"name\":\"Oryx Kurasini\"}]},{\"@type\":\"WebSite\",\"@id\":\"https:\/\/www.decogeco.be\/#website\",\"url\":\"https:\/\/www.decogeco.be\/\",\"name\":\"DEC OGECO\",\"description\":\"The right partner for your projects !\",\"potentialAction\":[{\"@type\":\"SearchAction\",\"target\":{\"@type\":\"EntryPoint\",\"urlTemplate\":\"https:\/\/www.decogeco.be\/?s={search_term_string}\"},\"query-input\":{\"@type\":\"PropertyValueSpecification\",\"valueRequired\":true,\"valueName\":\"search_term_string\"}}],\"inLanguage\":\"fr-FR\"}]}<\/script>\n<!-- \/ Yoast SEO plugin. -->","yoast_head_json":{"title":"Oryx Kurasini - DEC OGECO","robots":{"index":"index","follow":"follow","max-snippet":"max-snippet:-1","max-image-preview":"max-image-preview:large","max-video-preview":"max-video-preview:-1"},"canonical":"https:\/\/www.decogeco.com\/fr\/afr-oryx-kurasini\/","og_locale":"fr_FR","og_type":"article","og_title":"Oryx Kurasini - DEC OGECO","og_description":"We provide a complete solution consisting of installation of new gauging system on a existing oil tanks including initial technical analysis up to site commissioning. Period : 2018-2019 Situation : Kurasini, Tanzanie Customer : Oryx Energy Full turn-key renovation contract for design, supply, erection and start-up. Works related to 21 oil tanks (storage and process) from 20 m\u00b3 to 3,700 m\u00b3 Instrumentation for level, temperature and safety (high level detection) and supervision system New electrical panels","og_url":"https:\/\/www.decogeco.com\/fr\/afr-oryx-kurasini\/","og_site_name":"DEC OGECO","article_modified_time":"2024-02-15T10:29:53+00:00","twitter_card":"summary_large_image","twitter_misc":{"Dur\u00e9e de lecture estim\u00e9e":"6 minutes"},"schema":{"@context":"https:\/\/schema.org","@graph":[{"@type":"WebPage","@id":"https:\/\/www.decogeco.com\/afr-oryx-kurasini\/","url":"https:\/\/www.decogeco.com\/afr-oryx-kurasini\/","name":"Oryx Kurasini - DEC OGECO","isPartOf":{"@id":"https:\/\/www.decogeco.be\/#website"},"datePublished":"2023-10-24T15:08:26+00:00","dateModified":"2024-02-15T10:29:53+00:00","breadcrumb":{"@id":"https:\/\/www.decogeco.com\/afr-oryx-kurasini\/#breadcrumb"},"inLanguage":"fr-FR","potentialAction":[{"@type":"ReadAction","target":["https:\/\/www.decogeco.com\/afr-oryx-kurasini\/"]}]},{"@type":"BreadcrumbList","@id":"https:\/\/www.decogeco.com\/afr-oryx-kurasini\/#breadcrumb","itemListElement":[{"@type":"ListItem","position":1,"name":"Home","item":"https:\/\/www.decogeco.com\/"},{"@type":"ListItem","position":2,"name":"Oryx Kurasini"}]},{"@type":"WebSite","@id":"https:\/\/www.decogeco.be\/#website","url":"https:\/\/www.decogeco.be\/","name":"DEC OGECO","description":"The right partner for your projects !","potentialAction":[{"@type":"SearchAction","target":{"@type":"EntryPoint","urlTemplate":"https:\/\/www.decogeco.be\/?s={search_term_string}"},"query-input":{"@type":"PropertyValueSpecification","valueRequired":true,"valueName":"search_term_string"}}],"inLanguage":"fr-FR"}]}},"_links":{"self":[{"href":"https:\/\/www.decogeco.com\/fr\/wp-json\/wp\/v2\/pages\/237174","targetHints":{"allow":["GET"]}}],"collection":[{"href":"https:\/\/www.decogeco.com\/fr\/wp-json\/wp\/v2\/pages"}],"about":[{"href":"https:\/\/www.decogeco.com\/fr\/wp-json\/wp\/v2\/types\/page"}],"author":[{"embeddable":true,"href":"https:\/\/www.decogeco.com\/fr\/wp-json\/wp\/v2\/users\/1"}],"replies":[{"embeddable":true,"href":"https:\/\/www.decogeco.com\/fr\/wp-json\/wp\/v2\/comments?post=237174"}],"version-history":[{"count":5,"href":"https:\/\/www.decogeco.com\/fr\/wp-json\/wp\/v2\/pages\/237174\/revisions"}],"predecessor-version":[{"id":237520,"href":"https:\/\/www.decogeco.com\/fr\/wp-json\/wp\/v2\/pages\/237174\/revisions\/237520"}],"wp:attachment":[{"href":"https:\/\/www.decogeco.com\/fr\/wp-json\/wp\/v2\/media?parent=237174"}],"curies":[{"name":"wp","href":"https:\/\/api.w.org\/{rel}","templated":true}]}}